{"id":108,"date":"2026-02-26T11:47:50","date_gmt":"2026-02-26T11:47:50","guid":{"rendered":"https:\/\/lauraneu.laura-sun.de\/?page_id=108"},"modified":"2026-02-26T12:30:46","modified_gmt":"2026-02-26T12:30:46","slug":"freunde","status":"publish","type":"page","link":"https:\/\/lauraneu.laura-sun.de\/?page_id=108","title":{"rendered":"Freunde"},"content":{"rendered":"\n<p class=\"has-bright-blue-color has-text-color has-link-color wp-elements-47a77c73c1e8ba005c71b59001dd3442\"><em>Erinnerungen von Laura\u00b4s beste Freundin Elisabeth:<\/em><\/p>\n\n\n\n<p class=\"has-bright-blue-color has-text-color has-link-color wp-elements-3dd700c31d78cd731801eaafad0c6152\"><em>In unserer Sanduhr f\u00e4llt das letzte Korn; ich hab gewonnen und hab ebenso verloren. Jedoch missen m\u00f6cht ich nichts, alles bleibt unser gedanklicher Besitz und eine bleibende Erinnerung, zwischen Tag und Nacht legt sich die D\u00e4mmerung.<\/em><\/p>\n\n\n\n<div class=\"wp-block-media-text has-media-on-the-right is-stacked-on-mobile\" style=\"grid-template-columns:auto 31%\"><div class=\"wp-block-media-text__content\">\n<p>Hallo Laura!<\/p>\n\n\n\n<p>Von Tag zu Tag wird es immer l\u00e4nger, als ich dich das letzte Mal gesehen hab. Als ich damals aus dem Klassenzimmer ging sah ich noch mal kurz zu dir zur\u00fcck und behielt dieses liebe, s\u00fc\u00dfe und verheulte Gesicht in mir. Jedes mal wenn ich an dich denke, sehe ich dieses Gesicht vor mir und mir wird bewusst, wie sehr ich dich vermisse.Es hat sich inzwischen so viel ver\u00e4ndert: kaum mehr Kontakt zu unserer \u201e8a\u201c, neue Schule, neue Freunde, neue \u201eFeinde\u201c, alles ist einfach anders ohne dich.<\/p>\n<\/div><figure class=\"wp-block-media-text__media\"><img loading=\"lazy\" decoding=\"async\" width=\"139\" height=\"189\" src=\"https:\/\/lauraneu.laura-sun.de\/wp-content\/uploads\/2026\/02\/laurafreund1.png\" alt=\"\" class=\"wp-image-109 size-full\"\/><\/figure><\/div>\n\n\n\n<p>Wei\u00dft du noch, als Martina und ich so gestritten haben und du bist zu jeder einzelnen von uns gegangen und hast uns zum Schluss wieder zusammengebracht!? und heute?<\/p>\n\n\n\n<p>Die Dinge sind nicht immer das was sie zu sein scheinen.<\/p>\n\n\n\n<p class=\"has-bright-blue-color has-text-color has-link-color wp-elements-3f4a9f3bc02ded0a6f57847322c54005\"><em>Manchmal ist genau das, was passiert, wenn die Dinge sich nicht als das entpuppen, was sie sollten. Wenn du Vertrauen hast, musst Du dich blo\u00df darauf verlassen, dass jedes Ergebnis zu Deinem Vorteil ist. Du magst es nicht bemerken bevor ein bisschen Zeit vergangen ist<\/em>.<\/p>\n\n\n\n<p>doch was ist dieser Vorteil bei mir? Ich hab dich verloren\u2026<\/p>\n\n\n\n<p>Ich fand heraus wer meine wirklichen Freunde sind und wer mich nur hintergeht!? Aber ist das wirklich ein Vorteil? Schon immer zeigte sich, dass die eigentlichen Freunde doch keine sind, oder? Doch muss erst so was passieren um dies zu erkennen? Es hei\u00dft doch, man wei\u00df erst was man an einen hatte, als er von uns ging. na ja. i hab keinen Kontakt mehr zu \u201eunserer\u201c Klasse\u2026<\/p>\n\n\n\n<div class=\"wp-block-group is-vertical is-content-justification-center is-layout-flex wp-container-core-group-is-layout-4b2eccd6 wp-block-group-is-layout-flex\">\n<p class=\"has-medium-pink-color has-text-color has-link-color has-small-font-size wp-elements-3cfb804daca861a37fe7059737d25f26\"><em>Manche Leute kommen in unser Leben und gehen schnell<\/em><\/p>\n\n\n\n<p class=\"has-medium-pink-color has-text-color has-link-color has-small-font-size wp-elements-8a203b2a2277dfa23a1f0582e52e4dd2\"><em>Manche Leute werden Freunde und bleiben ein bisschen\u2026<\/em><\/p>\n\n\n\n<p class=\"has-medium-pink-color has-text-color has-link-color has-small-font-size wp-elements-e5f4e427c6eebada51fe5666052725f9\"><em>Und hinterlassen wundersch\u00f6ne Fu\u00dfabdr\u00fccke in unseren Herzen\u2026<\/em><\/p>\n\n\n\n<p class=\"has-medium-pink-color has-text-color has-link-color has-small-font-size wp-elements-fc56fb09dc42ade8c5cea1976a2b3185\"><em>und wir sind ziemlich \u00e4hnlich, weil wir eine Freundschaft geschlossen haben!!<\/em><\/p>\n<\/div>\n\n\n\n<p><\/p>\n\n\n\n<div class=\"wp-block-media-text is-stacked-on-mobile\" style=\"grid-template-columns:62% auto\"><figure class=\"wp-block-media-text__media\"><img loading=\"lazy\" decoding=\"async\" width=\"500\" height=\"375\" src=\"https:\/\/lauraneu.laura-sun.de\/wp-content\/uploads\/2026\/02\/laurafreund3-1.jpg\" alt=\"\" class=\"wp-image-119 size-full\" srcset=\"https:\/\/lauraneu.laura-sun.de\/wp-content\/uploads\/2026\/02\/laurafreund3-1.jpg 500w, https:\/\/lauraneu.laura-sun.de\/wp-content\/uploads\/2026\/02\/laurafreund3-1-300x225.jpg 300w\" sizes=\"auto, (max-width: 500px) 100vw, 500px\" \/><\/figure><div class=\"wp-block-media-text__content\">\n<p><\/p>\n\n\n\n<p class=\"has-small-font-size\"><em>Noch einmal f\u00e4llt in meinen Scho\u00df<\/em><br><em>Die rote Rose Leidenschaft;<\/em><br><em>Noch einmal hab\u2019 ich schw\u00e4rmerisch<\/em><br><em>In M\u00e4dchenaugen mich vergafft.<\/em><br><em>Das Schicksal anzunehmen<\/em><br><em>Ist oft das schwerste<\/em><br><em>Auf der Welt,<\/em><br><em>Da hilft allein der Glaube,<\/em><br><em>Die Liebe, die uns h\u00e4lt.<\/em><br><em>Das goldne Tor steht offen,<\/em><br><em>Die liebe Stimme spricht,<\/em><br><em>Da weilt mein s\u00fc\u00dfes Hoffen,<\/em><br><em>Da wohnt das ew\u2019ge Licht.<\/em><br><em>Ihr Mitternachtsgeschichte,<\/em><br><em>Nun weichet weit zur\u00fcck;<\/em><br><em>Mich gr\u00fc\u00dft vom reinen Lichte<\/em><br><em>Der erste fr\u00fche Blick.<\/em><\/p>\n<\/div><\/div>\n\n\n\n<p class=\"has-text-align-center\">\u00a0Wenn ich w\u00fcsste, dass es das letzte Mal ist,<br>dass ich da sein kann, um den Tag mit dir zu teilen,<br>weil ich sicher bin, dass es noch manchen Tag geben wird,<br>so dass ich diesen einen verstreichen lassen kann.<\/p>\n\n\n\n<div class=\"wp-block-media-text has-media-on-the-right is-stacked-on-mobile\"><div class=\"wp-block-media-text__content\">\n<p class=\"has-small-font-size\">Es gibt sicher immer ein &#8222;morgen&#8220;,um ein &#8222;Versehen\/ Irrtum&#8220; zu begehen. Und wir erhalten immer eine zweite Chance, um einfach alles in Ordnung zu bringen.<\/p>\n\n\n\n<p class=\"has-small-font-size\">Aber nur f\u00fcr den Fall, dass ich falsch liegen sollte, und es bleibt nur der heutige Tag, m\u00f6chte ich dir sagen, wie lieb ich dich habe, und ich hoffe, dass wir nie vergessen.<\/p>\n\n\n\n<p class=\"has-small-font-size\">Halte deine Lieben heute ganz fest, und fl\u00fcstere ihnen ins Ohr, sag ihnen, wie sehr du sie lieb hast und das du sie immer lieben wirst.<\/p>\n\n\n\n<p class=\"has-small-font-size\">Nicht was wir erleben, sondern wie wir empfinden, macht unser Schicksal aus.<\/p>\n\n\n\n<p class=\"has-small-font-size\">Ein Freund ist jemand, der die Melodie deines Herzens kennt und dich daran erinnert, wenn du sie vergisst.<\/p>\n\n\n\n<p><\/p>\n<\/div><figure class=\"wp-block-media-text__media\"><img loading=\"lazy\" decoding=\"async\" width=\"500\" height=\"375\" src=\"https:\/\/lauraneu.laura-sun.de\/wp-content\/uploads\/2026\/02\/laurafreund5.jpg\" alt=\"\" class=\"wp-image-125 size-full\" srcset=\"https:\/\/lauraneu.laura-sun.de\/wp-content\/uploads\/2026\/02\/laurafreund5.jpg 500w, https:\/\/lauraneu.laura-sun.de\/wp-content\/uploads\/2026\/02\/laurafreund5-300x225.jpg 300w\" sizes=\"auto, (max-width: 500px) 100vw, 500px\" \/><\/figure><\/div>\n\n\n\n<div class=\"wp-block-media-text is-stacked-on-mobile\" style=\"grid-template-columns:39% auto\"><figure class=\"wp-block-media-text__media\"><img loading=\"lazy\" decoding=\"async\" width=\"327\" height=\"556\" src=\"https:\/\/lauraneu.laura-sun.de\/wp-content\/uploads\/2026\/02\/laurafreund7-1.png\" alt=\"\" class=\"wp-image-128 size-full\" srcset=\"https:\/\/lauraneu.laura-sun.de\/wp-content\/uploads\/2026\/02\/laurafreund7-1.png 327w, https:\/\/lauraneu.laura-sun.de\/wp-content\/uploads\/2026\/02\/laurafreund7-1-176x300.png 176w\" sizes=\"auto, (max-width: 327px) 100vw, 327px\" \/><\/figure><div class=\"wp-block-media-text__content\">\n<p>Na meine Laura&#8230;..<\/p>\n\n\n\n<p>wie geht\u2019s dir da oben? Ich denke so oft an dich und an alles zur\u00fcck. Ich wei\u00df noch als w\u00e4re es gestern gewesen, als ich zum Kunstsaal rauf ging und ich jemanden heulen h\u00f6rte. Ich dachte nur, dass das alles wieder vorbei geht, Laura. Das ist nicht so schlimm. Wir schaffen das gemeinsam. Wir alle haben Mist gebaut. Und dann als ich oben war, sah ich keinen. Ich ging weiter und weiter und Sonja ging mir entgegen. Heulend. Sie musst nichts sagen, nicht den Mund aufmachen, kein Wort.<\/p>\n<\/div><\/div>\n\n\n\n<p>Ich wusste bescheid, dass ich dich gestern das letzte Mal in meinem Leben gesehen hab. In diesem Leben. Doch irgendwann kommen wir wieder zusammen und ich kann dich dr\u00fccken und mit dir lachen. Ich kann dich ber\u00fchren und du fliegst mir nicht davon. Ich kann dich sp\u00fcren und dein l\u00e4cheln wieder sehen. Doch bis dies geschieht werde ich mein Leben hier weiterleben und von dieser \u201eZukunft\u201c weiter tr\u00e4umen und hoffen, dass es so passieren wird.<\/p>\n\n\n\n<p>Ich vermisse dich.<\/p>\n\n\n\n<p>Elisabeth (Lisl)<\/p>\n\n\n\n<p class=\"has-text-align-center has-medium-pink-color has-text-color has-link-color wp-elements-63ba1bcbf944f97c134e7b47dd7e95c6\"><strong>Einst wusste ich alle Sagen,<\/strong><br><strong>es ist Zeit die Uhr zur\u00fcck zu drehen,<\/strong><br><strong>folge dem bleichen Mondlicht,<\/strong><br><strong>einst w\u00fcnschte ich mir f\u00fcr diese Nacht,<\/strong><br><strong>der Glaube brachte mich her,<\/strong><br><strong>es ist Zeit das Seil durch zu schneiden,<\/strong><br><strong>und zu fliegen&#8230;..<\/strong><\/p>\n\n\n\n<p><\/p>\n","protected":false},"excerpt":{"rendered":"<p>Erinnerungen von Laura\u00b4s beste Freundin Elisabeth: In unserer Sanduhr f\u00e4llt das letzte Korn; ich hab gewonnen und hab ebenso verloren. Jedoch missen m\u00f6cht ich nichts, alles bleibt unser gedanklicher Besitz und eine bleibende Erinnerung, zwischen Tag und Nacht legt sich die D\u00e4mmerung. Hallo Laura! Von Tag zu Tag wird es immer l\u00e4nger, als ich dich &hellip; <a href=\"https:\/\/lauraneu.laura-sun.de\/?page_id=108\" class=\"more-link\"><span class=\"screen-reader-text\">Freunde<\/span> weiterlesen<\/a><\/p>\n","protected":false},"author":1,"featured_media":138,"parent":0,"menu_order":0,"comment_status":"closed","ping_status":"closed","template":"","meta":{"footnotes":""},"class_list":["post-108","page","type-page","status-publish","has-post-thumbnail","hentry"],"_links":{"self":[{"href":"https:\/\/lauraneu.laura-sun.de\/index.php?rest_route=\/wp\/v2\/pages\/108","targetHints":{"allow":["GET"]}}],"collection":[{"href":"https:\/\/lauraneu.laura-sun.de\/index.php?rest_route=\/wp\/v2\/pages"}],"about":[{"href":"https:\/\/lauraneu.laura-sun.de\/index.php?rest_route=\/wp\/v2\/types\/page"}],"author":[{"embeddable":true,"href":"https:\/\/lauraneu.laura-sun.de\/index.php?rest_route=\/wp\/v2\/users\/1"}],"replies":[{"embeddable":true,"href":"https:\/\/lauraneu.laura-sun.de\/index.php?rest_route=%2Fwp%2Fv2%2Fcomments&post=108"}],"version-history":[{"count":15,"href":"https:\/\/lauraneu.laura-sun.de\/index.php?rest_route=\/wp\/v2\/pages\/108\/revisions"}],"predecessor-version":[{"id":132,"href":"https:\/\/lauraneu.laura-sun.de\/index.php?rest_route=\/wp\/v2\/pages\/108\/revisions\/132"}],"wp:featuredmedia":[{"embeddable":true,"href":"https:\/\/lauraneu.laura-sun.de\/index.php?rest_route=\/wp\/v2\/media\/138"}],"wp:attachment":[{"href":"https:\/\/lauraneu.laura-sun.de\/index.php?rest_route=%2Fwp%2Fv2%2Fmedia&parent=108"}],"curies":[{"name":"wp","href":"https:\/\/api.w.org\/{rel}","templated":true}]}}