{"id":188,"date":"2026-02-28T17:36:22","date_gmt":"2026-02-28T17:36:22","guid":{"rendered":"https:\/\/lauraneu.laura-sun.de\/?page_id=188"},"modified":"2026-03-09T17:06:53","modified_gmt":"2026-03-09T17:06:53","slug":"vorlieben","status":"publish","type":"page","link":"https:\/\/lauraneu.laura-sun.de\/?page_id=188","title":{"rendered":"Vorlieben"},"content":{"rendered":"\n<p><strong>GR\u00d6SSTE LEIDENSCHAFT&nbsp; DIE MUSIK<\/strong><\/p>\n\n\n\n<p>Mit 5 Jahren lernte Laura Fl\u00f6te mit etwa 7 Jahren Klavier\u2026<\/p>\n\n\n\n<p>Das Klavierspiel bedeutete ihr immer sehr viel. Das Erste nach der Schule\u2026..Klavierspielen\u2026(k\u00f6nnt ihr Euch vorstellen, wie ich dieses Klavierspielen vermisse?) In der 5.Klasse wollte sie unbedingt Geige lernen. Und sie probierte es aus. Es gefiel ihr sehr gut. Doch nach knapp zwei Jahren stellte sie fest :\u201cwenn ich gut Geige spielen will muss ich viel viel \u00fcben, neben der Schule sind mir meine Freunde wichtiger.\u201c Und sie h\u00e4ngte das Geigenspiel an den Nagel.<\/p>\n\n\n<div class=\"wp-block-image\">\n<figure class=\"aligncenter size-full\"><img loading=\"lazy\" decoding=\"async\" width=\"200\" height=\"48\" src=\"https:\/\/lauraneu.laura-sun.de\/wp-content\/uploads\/2026\/02\/000078141.gif\" alt=\"\" class=\"wp-image-189\"\/><\/figure>\n<\/div>\n\n\n<p>In der Schule konnte sie im Instrumental Unterricht verschiedene Instrumente ausprobieren. Sehr angetan war sie vom Schlagzeug. Sie freute sich sehr, darauf spielen zu d\u00fcrfen\u2026Jedesmal wenn sie vom Instrumental Unterricht nach Hause kam, erz\u00e4hlte sie ganz begeistert davon. Sie tr\u00e4umte davon eine Band mit ihren Freunden zu gr\u00fcnden, sie spielt dann nat\u00fcrlich Schlagzeug (Laura sparte mit ihren Freunden f\u00fcr ein Schlagzeug)<br><br>Laura hatte eine totale musische Begabung. Sie konnte nach Noten spielen und sie konnte aber auch nach Geh\u00f6r spielen, das war echt faszinierend. Sie h\u00f6rte ein Lied, das ihr gefiel und sie spielte es nach. Bei Vorspielabenden brauchte sie meistens keine Noten.<\/p>\n\n\n\n<p><br>Genauso gern h\u00f6rte sie Musik.<br><br>Mit Bryan Adams ist sie aufgewachsen, weil ich (Mama) seit \u00fcber 20 Jahren seine Lieder am Liebsten h\u00f6re. Laura gefiel aber so richtig gut nur ein Lied von BA \u2013summer of 69-<br><br>Mit&nbsp; etwa 7 Jahren war Laura begeisterter Kelly Family Fan. Wir besuchten sogar ein Kelly Konzert in Landshut. Sie hat sich so angezogen, wie die Kellys und liebte die Musik total.<\/p>\n\n\n\n<figure class=\"wp-block-gallery has-nested-images columns-default is-cropped wp-block-gallery-1 is-layout-flex wp-block-gallery-is-layout-flex\">\n<figure class=\"wp-block-image size-large\"><img loading=\"lazy\" decoding=\"async\" width=\"511\" height=\"350\" data-id=\"190\" src=\"https:\/\/lauraneu.laura-sun.de\/wp-content\/uploads\/2026\/02\/vorlieben9.jpg\" alt=\"\" class=\"wp-image-190\" srcset=\"https:\/\/lauraneu.laura-sun.de\/wp-content\/uploads\/2026\/02\/vorlieben9.jpg 511w, https:\/\/lauraneu.laura-sun.de\/wp-content\/uploads\/2026\/02\/vorlieben9-300x205.jpg 300w\" sizes=\"auto, (max-width: 511px) 100vw, 511px\" \/><\/figure>\n\n\n\n<figure class=\"wp-block-image size-large\"><img loading=\"lazy\" decoding=\"async\" width=\"350\" height=\"235\" data-id=\"191\" src=\"https:\/\/lauraneu.laura-sun.de\/wp-content\/uploads\/2026\/02\/vorlieben10.jpg\" alt=\"\" class=\"wp-image-191\" srcset=\"https:\/\/lauraneu.laura-sun.de\/wp-content\/uploads\/2026\/02\/vorlieben10.jpg 350w, https:\/\/lauraneu.laura-sun.de\/wp-content\/uploads\/2026\/02\/vorlieben10-300x201.jpg 300w\" sizes=\"auto, (max-width: 350px) 100vw, 350px\" \/><\/figure>\n<\/figure>\n\n\n\n<p>Laura und Nena\u2026haben beide am 24.03. Geburtstag\u2026\u2026Nena&nbsp; mochte sie auch sehr gerne<br><br>Bands und S\u00e4nger die Laura zum Schluss sehr gerne h\u00f6rte:<br><br>Pink<br><br>Nickelback<br><br>Nirvana<br><br>Avril Lavigne Linking Park<br><br>Kurz nach Laura\u2019s Tod hatte Pink ein neues Lied&nbsp; \u201eTroubles\u201c- ich denke, das h\u00e4tte Laura sehr gut gefallen.<\/p>\n\n\n\n<figure class=\"wp-block-image size-large is-resized\"><img loading=\"lazy\" decoding=\"async\" width=\"1024\" height=\"295\" src=\"https:\/\/lauraneu.laura-sun.de\/wp-content\/uploads\/2026\/02\/CG-Christmas-Gift-Janett-el.-5-1024x295.png\" alt=\"\" class=\"wp-image-192\" style=\"aspect-ratio:3.4711158310538544;width:288px;height:auto\" srcset=\"https:\/\/lauraneu.laura-sun.de\/wp-content\/uploads\/2026\/02\/CG-Christmas-Gift-Janett-el.-5-1024x295.png 1024w, https:\/\/lauraneu.laura-sun.de\/wp-content\/uploads\/2026\/02\/CG-Christmas-Gift-Janett-el.-5-300x86.png 300w, https:\/\/lauraneu.laura-sun.de\/wp-content\/uploads\/2026\/02\/CG-Christmas-Gift-Janett-el.-5-768x221.png 768w, https:\/\/lauraneu.laura-sun.de\/wp-content\/uploads\/2026\/02\/CG-Christmas-Gift-Janett-el.-5.png 1268w\" sizes=\"auto, (max-width: 1024px) 100vw, 1024px\" \/><\/figure>\n\n\n\n<p><strong>Lieder, die ich gerne h\u00f6re und die mir helfen<\/strong>:<\/p>\n\n\n\n<p>Glashaus : Haltet die Welt an<\/p>\n\n\n\n<p>Eric Clapton: Tears in heaven<\/p>\n\n\n\n<p>Nena: du bist \u00fcberall&nbsp; ,&nbsp;&nbsp;&nbsp; Wunder geschehn,&nbsp;&nbsp; Liebe ist<\/p>\n\n\n\n<p>Die Toten Hosen: Nur zu Besuch<\/p>\n\n\n\n<p>Bryan Adams:&nbsp; Flying&nbsp; ,. the best of me&nbsp;&nbsp; , summer of 69<\/p>\n\n\n\n<p>Pur : Freunde<\/p>\n\n\n\n<p>Echt: Weinst Du<\/p>\n\n\n\n<p>Bryan Adams konnte ich lange nicht anh\u00f6ren, es tat zu sehr weh.<\/p>\n\n\n\n<p><strong>TIERLIEBE<\/strong><\/p>\n\n\n\n<figure class=\"wp-block-gallery has-nested-images columns-default is-cropped wp-block-gallery-2 is-layout-flex wp-block-gallery-is-layout-flex\">\n<figure class=\"wp-block-image size-large\"><img loading=\"lazy\" decoding=\"async\" width=\"240\" height=\"350\" data-id=\"195\" src=\"https:\/\/lauraneu.laura-sun.de\/wp-content\/uploads\/2026\/02\/vorlieben2.jpg\" alt=\"\" class=\"wp-image-195\" srcset=\"https:\/\/lauraneu.laura-sun.de\/wp-content\/uploads\/2026\/02\/vorlieben2.jpg 240w, https:\/\/lauraneu.laura-sun.de\/wp-content\/uploads\/2026\/02\/vorlieben2-206x300.jpg 206w\" sizes=\"auto, (max-width: 240px) 100vw, 240px\" \/><\/figure>\n\n\n\n<figure class=\"wp-block-image size-large\"><img loading=\"lazy\" decoding=\"async\" width=\"232\" height=\"350\" data-id=\"194\" src=\"https:\/\/lauraneu.laura-sun.de\/wp-content\/uploads\/2026\/02\/vorlieben3.jpg\" alt=\"\" class=\"wp-image-194\" srcset=\"https:\/\/lauraneu.laura-sun.de\/wp-content\/uploads\/2026\/02\/vorlieben3.jpg 232w, https:\/\/lauraneu.laura-sun.de\/wp-content\/uploads\/2026\/02\/vorlieben3-199x300.jpg 199w\" sizes=\"auto, (max-width: 232px) 100vw, 232px\" \/><\/figure>\n\n\n\n<figure class=\"wp-block-image size-large\"><img loading=\"lazy\" decoding=\"async\" width=\"231\" height=\"350\" data-id=\"193\" src=\"https:\/\/lauraneu.laura-sun.de\/wp-content\/uploads\/2026\/02\/vorlieben5.jpg\" alt=\"\" class=\"wp-image-193\" srcset=\"https:\/\/lauraneu.laura-sun.de\/wp-content\/uploads\/2026\/02\/vorlieben5.jpg 231w, https:\/\/lauraneu.laura-sun.de\/wp-content\/uploads\/2026\/02\/vorlieben5-198x300.jpg 198w\" sizes=\"auto, (max-width: 231px) 100vw, 231px\" \/><\/figure>\n<\/figure>\n\n\n\n<p>\u00a0Laura\u2019s Tierliebe war einzigartig. Sie schmuste und liebkoste Katzenbabies.<br><br>Als Laura 3 Jahre alt war bekam unser Hund \u201eMomo\u201c 9 Hundebabies.<br>Die Hundemama wurde von einem Auto angefahren und durfte ihre Jungen nicht s\u00e4ugen<br>Also, alle paar Stunden die Kleinen mit der Flasche f\u00fcttern! Welch eine Freude f\u00fcr Laura!<br><br>Sp\u00e4ter hatte mein Bruder 2 G\u00e4nse. Laura lief durch den Garten und die G\u00e4nse hinterher\u2026..und sie unterhielt sich mit ihnen\u2026<br><br>Meerschweinchen, Hasen \u2026 zu allen Tieren war Laura sooo lieb.<\/p>\n\n\n\n<figure class=\"wp-block-gallery has-nested-images columns-default is-cropped wp-block-gallery-3 is-layout-flex wp-block-gallery-is-layout-flex\">\n<figure class=\"wp-block-image size-large\"><img loading=\"lazy\" decoding=\"async\" width=\"346\" height=\"350\" data-id=\"199\" src=\"https:\/\/lauraneu.laura-sun.de\/wp-content\/uploads\/2026\/02\/vorlieben4.jpg\" alt=\"\" class=\"wp-image-199\" srcset=\"https:\/\/lauraneu.laura-sun.de\/wp-content\/uploads\/2026\/02\/vorlieben4.jpg 346w, https:\/\/lauraneu.laura-sun.de\/wp-content\/uploads\/2026\/02\/vorlieben4-297x300.jpg 297w\" sizes=\"auto, (max-width: 346px) 100vw, 346px\" \/><\/figure>\n\n\n\n<figure class=\"wp-block-image size-large\"><img loading=\"lazy\" decoding=\"async\" width=\"404\" height=\"350\" data-id=\"198\" src=\"https:\/\/lauraneu.laura-sun.de\/wp-content\/uploads\/2026\/02\/vorlieben6-1.jpg\" alt=\"\" class=\"wp-image-198\" srcset=\"https:\/\/lauraneu.laura-sun.de\/wp-content\/uploads\/2026\/02\/vorlieben6-1.jpg 404w, https:\/\/lauraneu.laura-sun.de\/wp-content\/uploads\/2026\/02\/vorlieben6-1-300x260.jpg 300w\" sizes=\"auto, (max-width: 404px) 100vw, 404px\" \/><\/figure>\n<\/figure>\n\n\n\n<p><strong>EXPERIMENTE<\/strong><\/p>\n\n\n\n<p>Laura liebte Experimente<\/p>\n\n\n\n<p>z.B. Wasser, Sand ein paar Rosenbl\u00fcten zusammenr\u00fchren und stehen lassen\u2026..<\/p>\n\n\n\n<p><strong>ARCHITEKTIN LAURA<\/strong><\/p>\n\n\n\n<p>In jeden Sandhaufen baute Laura richtige H\u00e4userlandschaften. Mit Treppen, B\u00f6gen,<\/p>\n\n\n\n<p>Swimmingpool, B\u00e4umen und Pflanzen.<\/p>\n\n\n\n<p>-wundersch\u00f6n-<\/p>\n\n\n\n<p><strong>DESIGNERIN LAURA<\/strong><\/p>\n\n\n\n<p>Laura mochte gerne Barbie Puppen. Anfangs einfach so um Prinzessin und K\u00f6nigin zu spielen ( u. nat\u00fcrlich Sissi). Sp\u00e4ter waren Barbie\u2019s ihre Models. Sie verpasste ihnen flotte<\/p>\n\n\n\n<p>Haarschnitte inclusive neue Farbe, schminkte und piercte Barbies. Aus bemalten Tempos<\/p>\n\n\n\n<p>gestaltete sie Taschen und Kleidung.<\/p>\n\n\n\n<p>(Das Piercen und Haareschneiden brachte ihr oft \u00c4rger mit mir (Mama) ein, weil es meistens die neuesten Barbies sein mussten).<\/p>\n\n\n\n<p><strong>GESCHENKE&nbsp; von LAURA<\/strong><\/p>\n\n\n\n<p>Zu jedem Anlass hatte Laura tolle Geschenke, Briefe, Gedichte, Gebasteltes\u2026.<\/p>\n\n\n\n<p><strong>HARMONIE<\/strong><\/p>\n\n\n\n<p>Laura liebte einfach Harmonie<\/p>\n\n\n\n<p>Streit konnte sie nicht leiden. Sie schrieb Vers\u00f6hnungsbriefe f\u00fcr die Streitenden oder vermittelte<\/p>\n\n\n\n<p><strong>LAURA und SISSI<\/strong><\/p>\n\n\n\n<p>Laura hatte einen besonderen Bezug zu Sissi. Sowohl die Geschichte der \u201eechten Sissi\u201c, als auch die Sissi-Filme faszinierten sie. Oft legte sie Oma\u2019s Bettdecke um, frisierte und schminkte sich.<\/p>\n\n\n\n<p>(Sie brauchte als Sissi ja einen ganz weiten Rock).<\/p>\n\n\n\n<figure class=\"wp-block-gallery has-nested-images columns-default is-cropped wp-block-gallery-4 is-layout-flex wp-block-gallery-is-layout-flex\">\n<figure class=\"wp-block-image size-large\"><img loading=\"lazy\" decoding=\"async\" width=\"238\" height=\"350\" data-id=\"200\" src=\"https:\/\/lauraneu.laura-sun.de\/wp-content\/uploads\/2026\/02\/vorlieben7.jpg\" alt=\"\" class=\"wp-image-200\" srcset=\"https:\/\/lauraneu.laura-sun.de\/wp-content\/uploads\/2026\/02\/vorlieben7.jpg 238w, https:\/\/lauraneu.laura-sun.de\/wp-content\/uploads\/2026\/02\/vorlieben7-204x300.jpg 204w\" sizes=\"auto, (max-width: 238px) 100vw, 238px\" \/><\/figure>\n\n\n\n<figure class=\"wp-block-image size-large\"><img loading=\"lazy\" decoding=\"async\" width=\"239\" height=\"350\" data-id=\"201\" src=\"https:\/\/lauraneu.laura-sun.de\/wp-content\/uploads\/2026\/02\/vorlieben8.jpg\" alt=\"\" class=\"wp-image-201\" srcset=\"https:\/\/lauraneu.laura-sun.de\/wp-content\/uploads\/2026\/02\/vorlieben8.jpg 239w, https:\/\/lauraneu.laura-sun.de\/wp-content\/uploads\/2026\/02\/vorlieben8-205x300.jpg 205w\" sizes=\"auto, (max-width: 239px) 100vw, 239px\" \/><\/figure>\n<\/figure>\n\n\n\n<p><strong>LIEBLINGSSPIEL<\/strong><\/p>\n\n\n\n<p>Laura\u2019s liebstes Spiel war eindeutig&nbsp; -Cluedo-&nbsp; Sie wusste schon l\u00e4ngst den T\u00e4ter\u2026und ich war noch total verwirrt (wer hat das getan? Wer war in dem Zimmer? usw\u2026)<\/p>\n\n\n\n<div class=\"wp-block-media-text is-stacked-on-mobile\"><figure class=\"wp-block-media-text__media\"><img loading=\"lazy\" decoding=\"async\" width=\"466\" height=\"350\" src=\"https:\/\/lauraneu.laura-sun.de\/wp-content\/uploads\/2026\/02\/vorlieben12.jpg\" alt=\"\" class=\"wp-image-202 size-full\" srcset=\"https:\/\/lauraneu.laura-sun.de\/wp-content\/uploads\/2026\/02\/vorlieben12.jpg 466w, https:\/\/lauraneu.laura-sun.de\/wp-content\/uploads\/2026\/02\/vorlieben12-300x225.jpg 300w\" sizes=\"auto, (max-width: 466px) 100vw, 466px\" \/><\/figure><div class=\"wp-block-media-text__content\">\n<p><strong>SAMMLER LAURA<\/strong><\/p>\n\n\n\n<p>Sie sammelte Steine, Muscheln, Karten\u2026.und kleine Nici Kuscheltierchen<\/p>\n<\/div><\/div>\n\n\n\n<p><strong>LAURA\u2019s&nbsp; BLUMEN<\/strong><\/p>\n\n\n\n<p>Rosen und Sonnenblumen<\/p>\n\n\n\n<p><strong>FR\u00dcHAUFSTEHER LAURA<\/strong><\/p>\n\n\n\n<p>Manchmal stand Laura schon um 5 Uhr auf, wusch sich die Haare und \u201estylte\u201c sich.<br>Lernte, h\u00f6rte Musik\u2026.Dann kam sie an mein Bett: \u201eMama stehst du jetzt auf?\u201c<br>Als ich in die K\u00fcche kam, war da schon der Radio an, Licht, Tee\u2026<br>Wir sa\u00dfen zusammen und redeten&nbsp;&nbsp;&nbsp; -es war so sch\u00f6n<br>Vor allem im Herbst und Winter ist es nun so schlimm f\u00fcr mich.<br>Ich komm in die K\u00fcche\u2026finster\u2026keine Musik&nbsp;&nbsp;&nbsp; &#8211; ich vermiss es so!<br>Als sie um 13:45 Uhr von der Schule kam, sa\u00dfen wir zusammen beim Essen.<br>Laura war allem Neuen aufgeschlossen! Sie probierte neue Gerichte&nbsp; &#8211; liebte vor allem meine Salate und sie liebte Champignons<\/p>\n\n\n\n<p><strong>SCHREIBEN<\/strong><\/p>\n\n\n\n<p>Laura konnte sehr gut schreiben.<br>Sie hatte eine richtige \u201eSchreibader\u201c. Kleine Texte, Geschichten und Gedichte.<br>Mit 9 Jahren war sie so begeistert von Astrid Lindgren und wollte Schriftstellerin werden.<\/p>\n\n\n\n<p><strong>WASSER MEER SAND MUSCHELN ITALIEN<\/strong><\/p>\n\n\n\n<div class=\"wp-block-media-text has-media-on-the-right is-stacked-on-mobile\"><div class=\"wp-block-media-text__content\">\n<p>Das (Meer) Wasser war ihr nie zu kalt. Sie war die Erste im Wasser und die Letzte, die wieder rausging.<\/p>\n\n\n\n<p class=\"has-small-font-size\">Laura war zweimal in Italien. Mit 5 Jahren (noch ohne Geschwister) und im Jahr 2002. (mit Oma, Mama, Katharina und Andrea)<\/p>\n\n\n\n<p class=\"has-small-font-size\">Laura\u2019s letzter Urlaub in Caorle (2002)<\/p>\n\n\n\n<p class=\"has-small-font-size\">Sie hat ihre Eindr\u00fccke von der Reise aufgeschrieben.<br>Sommer 2003 waren wir an der Ostsee, ich \u201esah\u201c Laura nur im Wasser.<\/p>\n<\/div><figure class=\"wp-block-media-text__media\"><img loading=\"lazy\" decoding=\"async\" width=\"466\" height=\"350\" src=\"https:\/\/lauraneu.laura-sun.de\/wp-content\/uploads\/2026\/02\/vorlieben11.jpg\" alt=\"\" class=\"wp-image-203 size-full\" srcset=\"https:\/\/lauraneu.laura-sun.de\/wp-content\/uploads\/2026\/02\/vorlieben11.jpg 466w, https:\/\/lauraneu.laura-sun.de\/wp-content\/uploads\/2026\/02\/vorlieben11-300x225.jpg 300w\" sizes=\"auto, (max-width: 466px) 100vw, 466px\" \/><\/figure><\/div>\n","protected":false},"excerpt":{"rendered":"<p>GR\u00d6SSTE LEIDENSCHAFT&nbsp; DIE MUSIK Mit 5 Jahren lernte Laura Fl\u00f6te mit etwa 7 Jahren Klavier\u2026 Das Klavierspiel bedeutete ihr immer sehr viel. Das Erste nach der Schule\u2026..Klavierspielen\u2026(k\u00f6nnt ihr Euch vorstellen, wie ich dieses Klavierspielen vermisse?) In der 5.Klasse wollte sie unbedingt Geige lernen. Und sie probierte es aus. Es gefiel ihr sehr gut. Doch nach &hellip; <a href=\"https:\/\/lauraneu.laura-sun.de\/?page_id=188\" class=\"more-link\"><span class=\"screen-reader-text\">Vorlieben<\/span> weiterlesen<\/a><\/p>\n","protected":false},"author":1,"featured_media":367,"parent":0,"menu_order":0,"comment_status":"closed","ping_status":"closed","template":"","meta":{"footnotes":""},"class_list":["post-188","page","type-page","status-publish","has-post-thumbnail","hentry"],"_links":{"self":[{"href":"https:\/\/lauraneu.laura-sun.de\/index.php?rest_route=\/wp\/v2\/pages\/188","targetHints":{"allow":["GET"]}}],"collection":[{"href":"https:\/\/lauraneu.laura-sun.de\/index.php?rest_route=\/wp\/v2\/pages"}],"about":[{"href":"https:\/\/lauraneu.laura-sun.de\/index.php?rest_route=\/wp\/v2\/types\/page"}],"author":[{"embeddable":true,"href":"https:\/\/lauraneu.laura-sun.de\/index.php?rest_route=\/wp\/v2\/users\/1"}],"replies":[{"embeddable":true,"href":"https:\/\/lauraneu.laura-sun.de\/index.php?rest_route=%2Fwp%2Fv2%2Fcomments&post=188"}],"version-history":[{"count":3,"href":"https:\/\/lauraneu.laura-sun.de\/index.php?rest_route=\/wp\/v2\/pages\/188\/revisions"}],"predecessor-version":[{"id":368,"href":"https:\/\/lauraneu.laura-sun.de\/index.php?rest_route=\/wp\/v2\/pages\/188\/revisions\/368"}],"wp:featuredmedia":[{"embeddable":true,"href":"https:\/\/lauraneu.laura-sun.de\/index.php?rest_route=\/wp\/v2\/media\/367"}],"wp:attachment":[{"href":"https:\/\/lauraneu.laura-sun.de\/index.php?rest_route=%2Fwp%2Fv2%2Fmedia&parent=188"}],"curies":[{"name":"wp","href":"https:\/\/api.w.org\/{rel}","templated":true}]}}