{"id":2,"date":"2016-05-10T03:48:21","date_gmt":"2016-05-10T03:48:21","guid":{"rendered":"https:\/\/lauraneu.laura-sun.de\/?page_id=2"},"modified":"2026-03-07T18:14:56","modified_gmt":"2026-03-07T18:14:56","slug":"sample-page","status":"publish","type":"page","link":"https:\/\/lauraneu.laura-sun.de\/?page_id=2","title":{"rendered":"Lauras Leben"},"content":{"rendered":"<div class=\" hurrytimer-campaign hurryt-loading hurrytimer-campaign-57\" data-config=\"{&quot;id&quot;:57,&quot;run_in_background&quot;:false,&quot;sticky&quot;:false,&quot;product_ids&quot;:[],&quot;actions&quot;:[{&quot;id&quot;:2,&quot;redirectUrl&quot;:&quot;&quot;,&quot;message&quot;:&quot;&quot;,&quot;coupon&quot;:&quot;&quot;,&quot;wcStockStatus&quot;:&quot;instock&quot;}],&quot;template&quot;:&quot;&lt;div class=\\&quot;hurrytimer-timer-block \\&quot;&gt;&lt;div class=\\&quot;hurrytimer-timer-digit \\&quot;&gt;%m&lt;\\\/div&gt;&lt;div class=\\&quot;hurrytimer-timer-label \\&quot; &gt;months&lt;\\\/div&gt;&lt;\\\/div&gt;&lt;div class=\\&quot; hurrytimer-timer-sep\\&quot;&gt;:&lt;\\\/div&gt;&lt;div class=\\&quot;hurrytimer-timer-block \\&quot;&gt;&lt;div class=\\&quot;hurrytimer-timer-digit \\&quot;&gt;%n&lt;\\\/div&gt;&lt;div class=\\&quot;hurrytimer-timer-label \\&quot; &gt;days&lt;\\\/div&gt;&lt;\\\/div&gt;&lt;div class=\\&quot; hurrytimer-timer-sep\\&quot;&gt;:&lt;\\\/div&gt;&lt;div class=\\&quot;hurrytimer-timer-block \\&quot;&gt;&lt;div class=\\&quot;hurrytimer-timer-digit \\&quot;&gt;%H&lt;\\\/div&gt;&lt;div class=\\&quot;hurrytimer-timer-label \\&quot; &gt;hrs&lt;\\\/div&gt;&lt;\\\/div&gt;&lt;div class=\\&quot; hurrytimer-timer-sep\\&quot;&gt;:&lt;\\\/div&gt;&lt;div class=\\&quot;hurrytimer-timer-block \\&quot;&gt;&lt;div class=\\&quot;hurrytimer-timer-digit \\&quot;&gt;%M&lt;\\\/div&gt;&lt;div class=\\&quot;hurrytimer-timer-label \\&quot; &gt;mins&lt;\\\/div&gt;&lt;\\\/div&gt;&quot;,&quot;methods&quot;:[1,2],&quot;mode&quot;:&quot;evergreen&quot;,&quot;sticky_bar_hide_timeout&quot;:7,&quot;isRegular&quot;:false,&quot;restart_duration&quot;:0,&quot;duration&quot;:0,&quot;evergreenEndType&quot;:&quot;duration&quot;,&quot;evergreenEndTime&quot;:&quot;&quot;,&quot;evergreenEndDay&quot;:0,&quot;should_reset&quot;:false,&quot;reset_token&quot;:&quot;&quot;,&quot;restart&quot;:&quot;1&quot;,&quot;endDate&quot;:null,&quot;cookieName&quot;:&quot;_ht_CDT-57&quot;,&quot;reload_reset&quot;:false}\" ><div class=\" hurrytimer-headline\">Du fehlst uns sooo sehr...... schon seit:<\/div><div class=\" hurrytimer-timer\"><\/div><\/div>\n\n\n<p>Als ich, Laura\u2019s Mama, im Sommer 88 schwanger wurde, war es nicht gerade die beste Situation f\u00fcr ein Baby.<\/p>\n<p>Ich war 22 Jahre, wollte beruflich gerade etwas Neues anfangen und war ohne Partner an der Seite. Doch ich freute mich vom ersten Augenblick an auf mein Kind. Meine Eltern, meine beiden Geschwister und meine Freunde halfen mir.<\/p>\n<p><span style=\"color: #33cccc;\"><strong>Danke, Euch allen.<\/strong><\/span><\/p>\n<p>Am 24.M\u00e4rz 1989 war es so weit. Mein Kind kam 3 Wochen zu fr\u00fch auf die Welt. Hurra, ein M\u00e4dchen! Als ich sie zum ersten Mal sah, war mir auch der Name klar.<br \/>HALLO KLEINE Laura; endlich bist Du da\u2026\u2026.Genau genommen bekam sie zwei Namen &#8211; Laura Rosina- (Rosina zur Erinnerung an meine \u00fcber alles geliebte Oma, die ich immer f\u00fcr ihre Ruhe und Gelassenheit, mit 12 Kindern, bewundert habe). Im Krankenhaus war es damals eine kleine Besonderheit.<\/p>\n<p>\u00a0\u00a0<img loading=\"lazy\" decoding=\"async\" class=\"size-medium wp-image-77 aligncenter\" src=\"https:\/\/lauraneu.laura-sun.de\/wp-content\/uploads\/2026\/02\/LaLeBaby-mit-Mutti-291x300.jpg\" alt=\"\" width=\"291\" height=\"300\" srcset=\"https:\/\/lauraneu.laura-sun.de\/wp-content\/uploads\/2026\/02\/LaLeBaby-mit-Mutti-291x300.jpg 291w, https:\/\/lauraneu.laura-sun.de\/wp-content\/uploads\/2026\/02\/LaLeBaby-mit-Mutti.jpg 300w\" sizes=\"auto, (max-width: 291px) 100vw, 291px\" \/><\/p>\n<p>&nbsp;<\/p>\n<p>Laura ist an einem Karfreitag geboren. Im Krankenhaus arbeiteten Klosterschwestern, und f\u00fcr die war es was ganz Besonderes, ein Karfreitagskind. (Das letzte gab es 1987, also vor zwei Jahren). F\u00fcr mich war einfach Laura das Besondere. Mein Kind\u2026.mein erstes Kind\u2026\u2026und sie war so s\u00fc\u00df.<\/p>\n<p><img loading=\"lazy\" decoding=\"async\" class=\"size-medium wp-image-78 alignright\" src=\"https:\/\/lauraneu.laura-sun.de\/wp-content\/uploads\/2026\/02\/leben01-300x225.png\" alt=\"\" width=\"300\" height=\"225\" srcset=\"https:\/\/lauraneu.laura-sun.de\/wp-content\/uploads\/2026\/02\/leben01-300x225.png 300w, https:\/\/lauraneu.laura-sun.de\/wp-content\/uploads\/2026\/02\/leben01.png 450w\" sizes=\"auto, (max-width: 300px) 100vw, 300px\" \/><\/p>\n<p>Laura entwickelte sich pr\u00e4chtig und bezauberte mit ihrem Charme Oma, Opa, Tanten, Onkel einfach alle. Sie lernte fr\u00fch sprechen. Neben ihren ersten Worten: Mama, Opa, Oma \u2026.sagte sie auch Hubauba (Hubschrauber) usw.<br \/>Den ersten Geburtstag feierte sie ohne Zahn. Etwa zwei Wochen nach dem ersten Geburtstag: Laura l\u00e4uft!<\/p>\n<p>Ihre sprachliche Begabung ist un\u00fcber \u201ch\u00f6rbar\u201c. Sie lernt und spricht mit Leidenschaft.<\/p>\n<p><img loading=\"lazy\" decoding=\"async\" class=\"size-medium wp-image-79 alignright\" src=\"https:\/\/lauraneu.laura-sun.de\/wp-content\/uploads\/2026\/02\/laleklki-205x300.gif\" alt=\"\" width=\"205\" height=\"300\" \/><\/p>\n<p>Als Laura etwa zwei Jahre alt ist, lernen wir unseren \u201esp\u00e4teren Papi\u201c kennen. Wir testeten ihn ganz sch\u00f6n, ob er wirklich alltags- und\u00a0 kindertauglich ist.<\/p>\n<p>So besuchten wir gemeinsam mit ihm im Dezember 1991 den Christkindlmarkt. Wir bummelten so durch die Buden und a\u00dfen Bratwurstsemmeln. Laura hatte es sich \u201eHuckepack\u201c gem\u00fctlich gemacht. Auf einmal sagte sie ganz laut: \u201eDIE LASSEN MICH GLATT VERHUNGERN!\u201c und machte dazu ein ganz mitleidiges Gesicht. Obwohl sie gerade gespeiste hatte \u2013 wir mussten so lachen.<\/p>\n<p>&nbsp;<\/p>\n<p><strong>Den Papi Martin haben wir 1992\/1993 geheiratet<\/strong>.<\/p>\n<p>Im September 1993\u00a0 kommt Laura in den Kindergarten. Sie hat viel Spa\u00df und viele, viele Freunde. Gerne h\u00f6rt Laura den Geschichten zu, die der Opa vorliest. Einmal bl\u00e4tterte er gleich zwei Seiten weiter und merkte nichts.<\/p>\n<p>Laura:\u201c Opa, da fehlt was!\u201c<\/p>\n<p>Dazwischen\u00a0 lernte sie zu allen Anl\u00e4ssen\u00a0 Gedichte. (bei Hochzeiten unserer Familie, an Weihnachten, sie war ein kleiner Star)<\/p>\n<p>Auch bei unserer Hochzeit machte sie uns damit eine gro\u00dfe Freude.<\/p>\n<p>Mit drei Jahren, war sie in der Kirche die kleinste und j\u00fcngste Mitwirkende. Sie spielte einen Engel und sagte :\u201cIch verk\u00fcnde Euch eine gro\u00dfe Freude, heute ist der Heiland geboren, Christus, der Herr!\u201c<br \/>Das wei\u00dfe Kleid war ihr viel zu gro\u00df, sie musste Treppen steigen ins Mikrofon sprechen und eine brennende Kerze tragen.<\/p>\n<p><img loading=\"lazy\" decoding=\"async\" class=\"size-medium wp-image-81 aligncenter\" src=\"https:\/\/lauraneu.laura-sun.de\/wp-content\/uploads\/2026\/02\/lalekom-300x240.jpg\" alt=\"\" width=\"300\" height=\"240\" srcset=\"https:\/\/lauraneu.laura-sun.de\/wp-content\/uploads\/2026\/02\/lalekom-300x240.jpg 300w, https:\/\/lauraneu.laura-sun.de\/wp-content\/uploads\/2026\/02\/lalekom-1024x821.jpg 1024w, https:\/\/lauraneu.laura-sun.de\/wp-content\/uploads\/2026\/02\/lalekom-768x615.jpg 768w, https:\/\/lauraneu.laura-sun.de\/wp-content\/uploads\/2026\/02\/lalekom.jpg 1148w\" sizes=\"auto, (max-width: 300px) 100vw, 300px\" \/><\/p>\n<p>&nbsp;<\/p>\n<p><strong>September 1995 Schulanfang.<\/strong><\/p>\n<p>Wir bastelten zusammen ihre Schult\u00fcte. Das Lernen machte ihr von Anfang an gro\u00dfe Freude. Ich habe viele ihrer ersten Hefte aufgehoben.<br \/>Nat\u00fcrlich feierten wir jedes Jahr ihren Geburtstag mit Freunden. Ich hatte immer tolle Ideen und viel Elan f\u00fcr die Parties.<\/p>\n<p><img loading=\"lazy\" decoding=\"async\" class=\"alignnone size-medium wp-image-83\" src=\"https:\/\/lauraneu.laura-sun.de\/wp-content\/uploads\/2026\/02\/laleSchultuete-134x300.gif\" alt=\"\" width=\"134\" height=\"300\" \/><img loading=\"lazy\" decoding=\"async\" class=\"alignnone size-medium wp-image-82\" src=\"https:\/\/lauraneu.laura-sun.de\/wp-content\/uploads\/2026\/02\/lale-Schultuete1-197x300.jpg\" alt=\"\" width=\"197\" height=\"300\" srcset=\"https:\/\/lauraneu.laura-sun.de\/wp-content\/uploads\/2026\/02\/lale-Schultuete1-197x300.jpg 197w, https:\/\/lauraneu.laura-sun.de\/wp-content\/uploads\/2026\/02\/lale-Schultuete1.jpg 230w\" sizes=\"auto, (max-width: 197px) 100vw, 197px\" \/><\/p>\n<p><strong>Am 17.Mai 1998 Erstkommunion.<\/strong><\/p>\n<p>Laura war sehr gl\u00fccklich . Es war eine sehr sch\u00f6ne Feier mit netten G\u00e4sten. Laura pflanzte bei Oma im Garten ihren eigenen Apfelbaum.<\/p>\n<p><img loading=\"lazy\" decoding=\"async\" class=\"size-medium wp-image-84 aligncenter\" src=\"https:\/\/lauraneu.laura-sun.de\/wp-content\/uploads\/2026\/02\/lala-Kommun-205x300.jpg\" alt=\"\" width=\"205\" height=\"300\" srcset=\"https:\/\/lauraneu.laura-sun.de\/wp-content\/uploads\/2026\/02\/lala-Kommun-205x300.jpg 205w, https:\/\/lauraneu.laura-sun.de\/wp-content\/uploads\/2026\/02\/lala-Kommun.jpg 239w\" sizes=\"auto, (max-width: 205px) 100vw, 205px\" \/><\/p>\n<p><strong>Nach der 4. Klasse \u00dcbertritt an das Gymnasium.<\/strong><\/p>\n<p>Laura wollte immer einen tollen Beruf, den sie sich selbst aussuchen konnte \u2013 nicht so schufften m\u00fcssen, wie Oma\u201c<\/p>\n<p>So mit 9 , 10 Jahren wollte sie unbedingt Schriftstellerin werden.<\/p>\n<p><img loading=\"lazy\" decoding=\"async\" class=\"alignnone size-medium wp-image-85\" src=\"https:\/\/lauraneu.laura-sun.de\/wp-content\/uploads\/2026\/02\/lale-schule-203x300.jpg\" alt=\"\" width=\"203\" height=\"300\" srcset=\"https:\/\/lauraneu.laura-sun.de\/wp-content\/uploads\/2026\/02\/lale-schule-203x300.jpg 203w, https:\/\/lauraneu.laura-sun.de\/wp-content\/uploads\/2026\/02\/lale-schule.jpg 237w\" sizes=\"auto, (max-width: 203px) 100vw, 203px\" \/><\/p>\n<p>Ab 12 Jahren Meeresbiologin, Meeresforscherin oder Delfintherapeutin.<\/p>\n<p>Laura war etwas lernfaul, sie lernte meistens nur das N\u00f6tigste und war gut!<br \/>Nat\u00fcrlich brachte sie auch mal eine 5, doch das konnte sie beim n\u00e4chsten mal gut ausgleichen.<br \/>Sie wusste immer, was zu tun war, dass es mit den Noten passt\u2026Ganz sch\u00f6n clever!<\/p>\n<p><img loading=\"lazy\" decoding=\"async\" class=\"alignnone size-medium wp-image-86\" src=\"https:\/\/lauraneu.laura-sun.de\/wp-content\/uploads\/2026\/02\/lale-garten-205x300.jpg\" alt=\"\" width=\"205\" height=\"300\" srcset=\"https:\/\/lauraneu.laura-sun.de\/wp-content\/uploads\/2026\/02\/lale-garten-205x300.jpg 205w, https:\/\/lauraneu.laura-sun.de\/wp-content\/uploads\/2026\/02\/lale-garten.jpg 239w\" sizes=\"auto, (max-width: 205px) 100vw, 205px\" \/> <img loading=\"lazy\" decoding=\"async\" class=\"alignnone size-medium wp-image-87\" src=\"https:\/\/lauraneu.laura-sun.de\/wp-content\/uploads\/2026\/02\/lale-la-mit-blume-184x300.jpg\" alt=\"\" width=\"184\" height=\"300\" srcset=\"https:\/\/lauraneu.laura-sun.de\/wp-content\/uploads\/2026\/02\/lale-la-mit-blume-184x300.jpg 184w, https:\/\/lauraneu.laura-sun.de\/wp-content\/uploads\/2026\/02\/lale-la-mit-blume.jpg 215w\" sizes=\"auto, (max-width: 184px) 100vw, 184px\" \/><\/p>\n<p><img loading=\"lazy\" decoding=\"async\" class=\"alignnone size-medium wp-image-88\" src=\"https:\/\/lauraneu.laura-sun.de\/wp-content\/uploads\/2026\/02\/lale-la-mit-tante-223x300.gif\" alt=\"\" width=\"223\" height=\"300\" \/><\/p>\n<p>&nbsp;<\/p>\n<p><strong>15. Juli 2001 Firmung<\/strong><br \/>Laura bekam einen Weinstock geschenkt, den sie bei uns im Garten einpflanzte.<br \/>2003 konnten wir das erste Mal von ihrem Stock Weintrauben ernten&#8230;&#8230;<br \/>Nur Laura konnte keine mehr essen&#8230;&#8230;..<\/p>\n<p><img loading=\"lazy\" decoding=\"async\" class=\"alignnone size-medium wp-image-89\" src=\"https:\/\/lauraneu.laura-sun.de\/wp-content\/uploads\/2026\/02\/lale-schuhe1-300x225.jpg\" alt=\"\" width=\"300\" height=\"225\" srcset=\"https:\/\/lauraneu.laura-sun.de\/wp-content\/uploads\/2026\/02\/lale-schuhe1-300x225.jpg 300w, https:\/\/lauraneu.laura-sun.de\/wp-content\/uploads\/2026\/02\/lale-schuhe1.jpg 350w\" sizes=\"auto, (max-width: 300px) 100vw, 300px\" \/> <img loading=\"lazy\" decoding=\"async\" class=\"alignnone size-medium wp-image-90\" src=\"https:\/\/lauraneu.laura-sun.de\/wp-content\/uploads\/2026\/02\/lale-schuhe2-300x225.jpg\" alt=\"\" width=\"300\" height=\"225\" srcset=\"https:\/\/lauraneu.laura-sun.de\/wp-content\/uploads\/2026\/02\/lale-schuhe2-300x225.jpg 300w, https:\/\/lauraneu.laura-sun.de\/wp-content\/uploads\/2026\/02\/lale-schuhe2.jpg 350w\" sizes=\"auto, (max-width: 300px) 100vw, 300px\" \/><\/p>\n<p>&nbsp;<\/p>\n<p>&nbsp;<\/p>","protected":false},"excerpt":{"rendered":"<p>Als ich, Laura\u2019s Mama, im Sommer 88 schwanger wurde, war es nicht gerade die beste Situation f\u00fcr ein Baby. Ich war 22 Jahre, wollte beruflich gerade etwas Neues anfangen und war ohne Partner an der Seite. Doch ich freute mich vom ersten Augenblick an auf mein Kind. Meine Eltern, meine beiden Geschwister und meine Freunde &hellip; <a href=\"https:\/\/lauraneu.laura-sun.de\/?page_id=2\" class=\"more-link\"><span class=\"screen-reader-text\">Lauras Leben<\/span> weiterlesen<\/a><\/p>\n","protected":false},"author":1,"featured_media":365,"parent":0,"menu_order":0,"comment_status":"closed","ping_status":"open","template":"","meta":{"footnotes":""},"class_list":["post-2","page","type-page","status-publish","has-post-thumbnail","hentry"],"_links":{"self":[{"href":"https:\/\/lauraneu.laura-sun.de\/index.php?rest_route=\/wp\/v2\/pages\/2","targetHints":{"allow":["GET"]}}],"collection":[{"href":"https:\/\/lauraneu.laura-sun.de\/index.php?rest_route=\/wp\/v2\/pages"}],"about":[{"href":"https:\/\/lauraneu.laura-sun.de\/index.php?rest_route=\/wp\/v2\/types\/page"}],"author":[{"embeddable":true,"href":"https:\/\/lauraneu.laura-sun.de\/index.php?rest_route=\/wp\/v2\/users\/1"}],"replies":[{"embeddable":true,"href":"https:\/\/lauraneu.laura-sun.de\/index.php?rest_route=%2Fwp%2Fv2%2Fcomments&post=2"}],"version-history":[{"count":8,"href":"https:\/\/lauraneu.laura-sun.de\/index.php?rest_route=\/wp\/v2\/pages\/2\/revisions"}],"predecessor-version":[{"id":366,"href":"https:\/\/lauraneu.laura-sun.de\/index.php?rest_route=\/wp\/v2\/pages\/2\/revisions\/366"}],"wp:featuredmedia":[{"embeddable":true,"href":"https:\/\/lauraneu.laura-sun.de\/index.php?rest_route=\/wp\/v2\/media\/365"}],"wp:attachment":[{"href":"https:\/\/lauraneu.laura-sun.de\/index.php?rest_route=%2Fwp%2Fv2%2Fmedia&parent=2"}],"curies":[{"name":"wp","href":"https:\/\/api.w.org\/{rel}","templated":true}]}}