{"id":246,"date":"2026-03-02T09:56:10","date_gmt":"2026-03-02T09:56:10","guid":{"rendered":"https:\/\/lauraneu.laura-sun.de\/?page_id=246"},"modified":"2026-03-02T09:56:10","modified_gmt":"2026-03-02T09:56:10","slug":"typisch-laura","status":"publish","type":"page","link":"https:\/\/lauraneu.laura-sun.de\/?page_id=246","title":{"rendered":"Typisch Laura"},"content":{"rendered":"\n<figure class=\"wp-block-image size-full\"><img loading=\"lazy\" decoding=\"async\" width=\"650\" height=\"453\" src=\"https:\/\/lauraneu.laura-sun.de\/wp-content\/uploads\/2026\/03\/Bild4.1a.jpg\" alt=\"\" class=\"wp-image-247\" srcset=\"https:\/\/lauraneu.laura-sun.de\/wp-content\/uploads\/2026\/03\/Bild4.1a.jpg 650w, https:\/\/lauraneu.laura-sun.de\/wp-content\/uploads\/2026\/03\/Bild4.1a-300x209.jpg 300w\" sizes=\"auto, (max-width: 650px) 100vw, 650px\" \/><\/figure>\n\n\n\n<p><strong>Typisch Laura<\/strong><\/p>\n\n\n\n<p>&#8211; &#8222;Stubsnasig&#8220; sagte Laura fr\u00fcher immer (so mit 3 Jahren) und meinte sie wird stocknarrisch, also ganz &#8222;verr\u00fcckt\u201c<\/p>\n\n\n\n<p>&#8211; &#8222;\u2026das ist ja ganz leicht erkl\u00e4rlich\u2026.&#8220; stand in einem Buch\u2026Laura fand es so toll, dass sie es in viele S\u00e4tze einbaute. (so mit 7 Jahren)<\/p>\n\n\n\n<p>&#8211; Oft sagte Laura&nbsp;&nbsp;&nbsp;&nbsp;&nbsp;&nbsp; &#8222;schee f\u00fcr di&#8220;&nbsp;&nbsp;&nbsp;&nbsp;&nbsp;&nbsp;&nbsp; sch\u00f6n f\u00fcr dich<\/p>\n\n\n\n<p>&#8211; Laura besuchte mit ihren Freundinnen den Lateinlehrer. Er bot ihnen Tee an und sagte:<br>&#8222;Wollt ihr Tee\u201c?&nbsp; Laura erz\u00e4hlte es mir zuhause &#8230;&#8230; und machte es dem Lehrer nach.<br>Ich h\u00f6r sie heute noch in der Stimmlage des Lehrers :\u201cWollt Ihr Tee?\u201c<\/p>\n\n\n\n<p>&#8211; Gefiel ihr etwas besonders gut h\u00f6rte man&nbsp;&nbsp; &#8222;voll krass!\u201c<\/p>\n\n\n\n<figure class=\"wp-block-gallery has-nested-images columns-default is-cropped wp-block-gallery-1 is-layout-flex wp-block-gallery-is-layout-flex\">\n<figure class=\"wp-block-image size-large\"><img loading=\"lazy\" decoding=\"async\" width=\"285\" height=\"400\" data-id=\"249\" src=\"https:\/\/lauraneu.laura-sun.de\/wp-content\/uploads\/2026\/03\/Bild4.2-1.jpg\" alt=\"\" class=\"wp-image-249\" srcset=\"https:\/\/lauraneu.laura-sun.de\/wp-content\/uploads\/2026\/03\/Bild4.2-1.jpg 285w, https:\/\/lauraneu.laura-sun.de\/wp-content\/uploads\/2026\/03\/Bild4.2-1-214x300.jpg 214w\" sizes=\"auto, (max-width: 285px) 100vw, 285px\" \/><\/figure>\n\n\n\n<figure class=\"wp-block-image size-large\"><img loading=\"lazy\" decoding=\"async\" width=\"286\" height=\"400\" data-id=\"250\" src=\"https:\/\/lauraneu.laura-sun.de\/wp-content\/uploads\/2026\/03\/Bild4.3.jpg\" alt=\"\" class=\"wp-image-250\" srcset=\"https:\/\/lauraneu.laura-sun.de\/wp-content\/uploads\/2026\/03\/Bild4.3.jpg 286w, https:\/\/lauraneu.laura-sun.de\/wp-content\/uploads\/2026\/03\/Bild4.3-215x300.jpg 215w\" sizes=\"auto, (max-width: 286px) 100vw, 286px\" \/><\/figure>\n<\/figure>\n\n\n\n<figure class=\"wp-block-gallery has-nested-images columns-default is-cropped wp-block-gallery-2 is-layout-flex wp-block-gallery-is-layout-flex\">\n<figure class=\"wp-block-image size-large\"><img loading=\"lazy\" decoding=\"async\" width=\"274\" height=\"400\" data-id=\"251\" src=\"https:\/\/lauraneu.laura-sun.de\/wp-content\/uploads\/2026\/03\/Bild4.4.jpg\" alt=\"\" class=\"wp-image-251\" srcset=\"https:\/\/lauraneu.laura-sun.de\/wp-content\/uploads\/2026\/03\/Bild4.4.jpg 274w, https:\/\/lauraneu.laura-sun.de\/wp-content\/uploads\/2026\/03\/Bild4.4-206x300.jpg 206w\" sizes=\"auto, (max-width: 274px) 100vw, 274px\" \/><\/figure>\n\n\n\n<figure class=\"wp-block-image size-large\"><img loading=\"lazy\" decoding=\"async\" width=\"320\" height=\"400\" data-id=\"252\" src=\"https:\/\/lauraneu.laura-sun.de\/wp-content\/uploads\/2026\/03\/Bild4.5.jpg\" alt=\"\" class=\"wp-image-252\" srcset=\"https:\/\/lauraneu.laura-sun.de\/wp-content\/uploads\/2026\/03\/Bild4.5.jpg 320w, https:\/\/lauraneu.laura-sun.de\/wp-content\/uploads\/2026\/03\/Bild4.5-240x300.jpg 240w\" sizes=\"auto, (max-width: 320px) 100vw, 320px\" \/><\/figure>\n<\/figure>\n\n\n\n<figure class=\"wp-block-gallery has-nested-images columns-default is-cropped wp-block-gallery-3 is-layout-flex wp-block-gallery-is-layout-flex\">\n<figure class=\"wp-block-image size-large\"><img loading=\"lazy\" decoding=\"async\" width=\"273\" height=\"400\" data-id=\"253\" src=\"https:\/\/lauraneu.laura-sun.de\/wp-content\/uploads\/2026\/03\/Bild4.7.jpg\" alt=\"\" class=\"wp-image-253\" srcset=\"https:\/\/lauraneu.laura-sun.de\/wp-content\/uploads\/2026\/03\/Bild4.7.jpg 273w, https:\/\/lauraneu.laura-sun.de\/wp-content\/uploads\/2026\/03\/Bild4.7-205x300.jpg 205w\" sizes=\"auto, (max-width: 273px) 100vw, 273px\" \/><\/figure>\n<\/figure>\n\n\n\n<figure class=\"wp-block-image size-full\"><img loading=\"lazy\" decoding=\"async\" width=\"400\" height=\"280\" src=\"https:\/\/lauraneu.laura-sun.de\/wp-content\/uploads\/2026\/03\/Bild4.6-1.jpg\" alt=\"\" class=\"wp-image-255\" srcset=\"https:\/\/lauraneu.laura-sun.de\/wp-content\/uploads\/2026\/03\/Bild4.6-1.jpg 400w, https:\/\/lauraneu.laura-sun.de\/wp-content\/uploads\/2026\/03\/Bild4.6-1-300x210.jpg 300w\" sizes=\"auto, (max-width: 400px) 100vw, 400px\" \/><\/figure>\n","protected":false},"excerpt":{"rendered":"<p>Typisch Laura &#8211; &#8222;Stubsnasig&#8220; sagte Laura fr\u00fcher immer (so mit 3 Jahren) und meinte sie wird stocknarrisch, also ganz &#8222;verr\u00fcckt\u201c &#8211; &#8222;\u2026das ist ja ganz leicht erkl\u00e4rlich\u2026.&#8220; stand in einem Buch\u2026Laura fand es so toll, dass sie es in viele S\u00e4tze einbaute. (so mit 7 Jahren) &#8211; Oft sagte Laura&nbsp;&nbsp;&nbsp;&nbsp;&nbsp;&nbsp; &#8222;schee f\u00fcr di&#8220;&nbsp;&nbsp;&nbsp;&nbsp;&nbsp;&nbsp;&nbsp; sch\u00f6n f\u00fcr &hellip; <a href=\"https:\/\/lauraneu.laura-sun.de\/?page_id=246\" class=\"more-link\"><span class=\"screen-reader-text\">Typisch Laura<\/span> weiterlesen<\/a><\/p>\n","protected":false},"author":1,"featured_media":0,"parent":0,"menu_order":0,"comment_status":"closed","ping_status":"closed","template":"","meta":{"footnotes":""},"class_list":["post-246","page","type-page","status-publish","hentry"],"_links":{"self":[{"href":"https:\/\/lauraneu.laura-sun.de\/index.php?rest_route=\/wp\/v2\/pages\/246","targetHints":{"allow":["GET"]}}],"collection":[{"href":"https:\/\/lauraneu.laura-sun.de\/index.php?rest_route=\/wp\/v2\/pages"}],"about":[{"href":"https:\/\/lauraneu.laura-sun.de\/index.php?rest_route=\/wp\/v2\/types\/page"}],"author":[{"embeddable":true,"href":"https:\/\/lauraneu.laura-sun.de\/index.php?rest_route=\/wp\/v2\/users\/1"}],"replies":[{"embeddable":true,"href":"https:\/\/lauraneu.laura-sun.de\/index.php?rest_route=%2Fwp%2Fv2%2Fcomments&post=246"}],"version-history":[{"count":1,"href":"https:\/\/lauraneu.laura-sun.de\/index.php?rest_route=\/wp\/v2\/pages\/246\/revisions"}],"predecessor-version":[{"id":257,"href":"https:\/\/lauraneu.laura-sun.de\/index.php?rest_route=\/wp\/v2\/pages\/246\/revisions\/257"}],"wp:attachment":[{"href":"https:\/\/lauraneu.laura-sun.de\/index.php?rest_route=%2Fwp%2Fv2%2Fmedia&parent=246"}],"curies":[{"name":"wp","href":"https:\/\/api.w.org\/{rel}","templated":true}]}}