{"id":294,"date":"2026-03-02T11:19:15","date_gmt":"2026-03-02T11:19:15","guid":{"rendered":"https:\/\/lauraneu.laura-sun.de\/?page_id=294"},"modified":"2026-03-10T19:00:34","modified_gmt":"2026-03-10T19:00:34","slug":"unsere-geschichte","status":"publish","type":"page","link":"https:\/\/lauraneu.laura-sun.de\/?page_id=294","title":{"rendered":"Unsere Geschichte"},"content":{"rendered":"\n<p class=\"has-text-align-center\"><strong>In ewiger Erinnerung an unsre Laura<\/strong><\/p>\n\n\n<div class=\"wp-block-image\">\n<figure class=\"aligncenter size-full\"><img loading=\"lazy\" decoding=\"async\" width=\"400\" height=\"447\" src=\"https:\/\/lauraneu.laura-sun.de\/wp-content\/uploads\/2026\/03\/SterneLaura.gif\" alt=\"\" class=\"wp-image-295\"\/><\/figure>\n<\/div>\n\n\n<p class=\"has-text-align-left has-small-font-size\">Es war der 11. M\u00e4rz, als ich dich das letzte Mal gesehen hab. Und mittlerweile sind es nicht mehr Tage, sondern schon Jahre, die man \u00fcberbr\u00fccken muss. Viele haben dich schon vergessen oder haben dich verdr\u00e4ngt, doch du lebst in uns allen weiter, egal ob wir gerade nicht an dich denken, weil uns unser Leben besch\u00e4ftigt, oder wenn wir an deinem Grab stehen und in unseren Erinnerungen aufbl\u00fchen \u2013 du bist immer bei uns<br><br>Die Unwissenheit ist der Wahrheit n\u00e4her als das Vorurteil&#8230;<br>Zitat des Tages, 12.3.07<\/p>\n\n\n\n<p><br>So viel wurde damals gesprochen, doch heute? Viele glaubten, dass die Ger\u00fcchte damals der Wahrheit entsprachen, und somit auch viele Vorurteile, doch dies hat sich ge\u00e4ndert. Wir wissen alle nicht warum und k\u00f6nnen es nur vermuten, was dich dazu veranlasst hat, diesen Weg zu gehen. Wir k\u00f6nnen nichts an dieser Situation \u00e4ndern, nur hoffen, dass wir uns eines Tages wieder sehen, dass wir uns in die Arme nehmen k\u00f6nnen und so wie fr\u00fcher miteinander lachen k\u00f6nnen!<br><br>Ich vermisse dich hier sehr, und ich freue mich auf den Augenblick, in dem ich dich wieder habe!<br><br>Elisabeth<br>(Laura\u00b4s Freundin)<br><br>Nicht was wir erleben,<br>sondern wie wir empfinden<br>was wir erleben,<br>macht unser Schicksal aus.<br><br>Ein Freund ist jemand,<br>der die Melodie deines Herzens kennt<br>und dich daran erinnert,<br>wenn du sie vergisst.<\/p>\n\n\n<div class=\"wp-block-image\">\n<figure class=\"aligncenter size-full\"><img loading=\"lazy\" decoding=\"async\" width=\"750\" height=\"550\" src=\"https:\/\/lauraneu.laura-sun.de\/wp-content\/uploads\/2026\/03\/Laura4JahreimHimmel.jpg\" alt=\"\" class=\"wp-image-296\" srcset=\"https:\/\/lauraneu.laura-sun.de\/wp-content\/uploads\/2026\/03\/Laura4JahreimHimmel.jpg 750w, https:\/\/lauraneu.laura-sun.de\/wp-content\/uploads\/2026\/03\/Laura4JahreimHimmel-300x220.jpg 300w\" sizes=\"auto, (max-width: 750px) 100vw, 750px\" \/><\/figure>\n<\/div>","protected":false},"excerpt":{"rendered":"<p>In ewiger Erinnerung an unsre Laura Es war der 11. M\u00e4rz, als ich dich das letzte Mal gesehen hab. Und mittlerweile sind es nicht mehr Tage, sondern schon Jahre, die man \u00fcberbr\u00fccken muss. Viele haben dich schon vergessen oder haben dich verdr\u00e4ngt, doch du lebst in uns allen weiter, egal ob wir gerade nicht an &hellip; <a href=\"https:\/\/lauraneu.laura-sun.de\/?page_id=294\" class=\"more-link\"><span class=\"screen-reader-text\">Unsere Geschichte<\/span> weiterlesen<\/a><\/p>\n","protected":false},"author":1,"featured_media":372,"parent":0,"menu_order":0,"comment_status":"closed","ping_status":"closed","template":"","meta":{"footnotes":""},"class_list":["post-294","page","type-page","status-publish","has-post-thumbnail","hentry"],"_links":{"self":[{"href":"https:\/\/lauraneu.laura-sun.de\/index.php?rest_route=\/wp\/v2\/pages\/294","targetHints":{"allow":["GET"]}}],"collection":[{"href":"https:\/\/lauraneu.laura-sun.de\/index.php?rest_route=\/wp\/v2\/pages"}],"about":[{"href":"https:\/\/lauraneu.laura-sun.de\/index.php?rest_route=\/wp\/v2\/types\/page"}],"author":[{"embeddable":true,"href":"https:\/\/lauraneu.laura-sun.de\/index.php?rest_route=\/wp\/v2\/users\/1"}],"replies":[{"embeddable":true,"href":"https:\/\/lauraneu.laura-sun.de\/index.php?rest_route=%2Fwp%2Fv2%2Fcomments&post=294"}],"version-history":[{"count":1,"href":"https:\/\/lauraneu.laura-sun.de\/index.php?rest_route=\/wp\/v2\/pages\/294\/revisions"}],"predecessor-version":[{"id":298,"href":"https:\/\/lauraneu.laura-sun.de\/index.php?rest_route=\/wp\/v2\/pages\/294\/revisions\/298"}],"wp:featuredmedia":[{"embeddable":true,"href":"https:\/\/lauraneu.laura-sun.de\/index.php?rest_route=\/wp\/v2\/media\/372"}],"wp:attachment":[{"href":"https:\/\/lauraneu.laura-sun.de\/index.php?rest_route=%2Fwp%2Fv2%2Fmedia&parent=294"}],"curies":[{"name":"wp","href":"https:\/\/api.w.org\/{rel}","templated":true}]}}