{"id":320,"date":"2026-03-02T11:39:25","date_gmt":"2026-03-02T11:39:25","guid":{"rendered":"https:\/\/lauraneu.laura-sun.de\/?page_id=320"},"modified":"2026-03-10T19:18:42","modified_gmt":"2026-03-10T19:18:42","slug":"lauras-traeume","status":"publish","type":"page","link":"https:\/\/lauraneu.laura-sun.de\/?page_id=320","title":{"rendered":"Lauras Tr\u00e4ume"},"content":{"rendered":"\n<p>So mit 12 Jahren w\u00fcnschte sich Laura unbedingt ein Handy.<br>Wir waren immer dagegen.<br>Papa aus Kostengr\u00fcnden, Mama aus gesundheitlichen\u2026<br><br>F\u00fcr Weihnachten 2002 hat sie uns einen zweiseitigen Wunschzettel geschrieben, nur f\u00fcr das Handy! Da konnten wir nicht mehr anders.<\/p>\n\n\n\n<p>Gl\u00fccklicherweise habe ich dieen Wunschzettel aufgehoben:<\/p>\n\n\n\n<figure class=\"wp-block-image size-full\"><img loading=\"lazy\" decoding=\"async\" width=\"600\" height=\"835\" src=\"https:\/\/lauraneu.laura-sun.de\/wp-content\/uploads\/2026\/03\/laurastr2.jpg\" alt=\"\" class=\"wp-image-321\" srcset=\"https:\/\/lauraneu.laura-sun.de\/wp-content\/uploads\/2026\/03\/laurastr2.jpg 600w, https:\/\/lauraneu.laura-sun.de\/wp-content\/uploads\/2026\/03\/laurastr2-216x300.jpg 216w\" sizes=\"auto, (max-width: 600px) 100vw, 600px\" \/><\/figure>\n\n\n\n<figure class=\"wp-block-image size-full\"><img loading=\"lazy\" decoding=\"async\" width=\"600\" height=\"833\" src=\"https:\/\/lauraneu.laura-sun.de\/wp-content\/uploads\/2026\/03\/laurastr3.jpg\" alt=\"\" class=\"wp-image-322\" srcset=\"https:\/\/lauraneu.laura-sun.de\/wp-content\/uploads\/2026\/03\/laurastr3.jpg 600w, https:\/\/lauraneu.laura-sun.de\/wp-content\/uploads\/2026\/03\/laurastr3-216x300.jpg 216w\" sizes=\"auto, (max-width: 600px) 100vw, 600px\" \/><\/figure>\n\n\n\n<p>Der Handy Traum hat sich erf\u00fcllt, leider konnte Laura ihn nur von Weihnachten 2002 bis M\u00e4rz 2003 genie\u00dfen:<\/p>\n\n\n<div class=\"wp-block-image\">\n<figure class=\"aligncenter size-full\"><img loading=\"lazy\" decoding=\"async\" width=\"466\" height=\"350\" src=\"https:\/\/lauraneu.laura-sun.de\/wp-content\/uploads\/2026\/03\/laurastr1.jpg\" alt=\"\" class=\"wp-image-323\" srcset=\"https:\/\/lauraneu.laura-sun.de\/wp-content\/uploads\/2026\/03\/laurastr1.jpg 466w, https:\/\/lauraneu.laura-sun.de\/wp-content\/uploads\/2026\/03\/laurastr1-300x225.jpg 300w\" sizes=\"auto, (max-width: 466px) 100vw, 466px\" \/><\/figure>\n<\/div>\n\n\n<p>Laura w\u00e4re genau zu ihrem 14. Geburtstag mit der Schulklasse ins Skilager gefahren.<br>Sie hatte gro\u00dfe Pl\u00e4ne. Im Skilager in den Geburtstag hineinfeiern ( v.23.M\u00e4rz auf 24.M\u00e4rz), das w\u00e4re so toll gewesen. Und den 24.M\u00e4rz dann sowieso feiern. Sie wollte Chips und Cola mitnehmen f\u00fcr die Party.<br>Auf einen Zettel schrieb sie, wer mit wem ins Zimmer k\u00f6nnte\u2026usw\u2026<\/p>\n\n\n\n<figure class=\"wp-block-image size-full\"><img loading=\"lazy\" decoding=\"async\" width=\"600\" height=\"756\" src=\"https:\/\/lauraneu.laura-sun.de\/wp-content\/uploads\/2026\/03\/laurastr5.jpg\" alt=\"\" class=\"wp-image-324\" srcset=\"https:\/\/lauraneu.laura-sun.de\/wp-content\/uploads\/2026\/03\/laurastr5.jpg 600w, https:\/\/lauraneu.laura-sun.de\/wp-content\/uploads\/2026\/03\/laurastr5-238x300.jpg 238w\" sizes=\"auto, (max-width: 600px) 100vw, 600px\" \/><\/figure>\n\n\n\n<p>\u201eIhre Geschenke zum 14. Geburtstag\u201c von uns:<\/p>\n\n\n\n<ul class=\"wp-block-list\">\n<li>ein neues Bett<\/li>\n\n\n\n<li>endlich Taschengeld auf\u2019s Konto<br>(das gew\u00fcnschte Nabelpiercing haben wir noch auf den 16. Geburtstag verschoben)<\/li>\n<\/ul>\n\n\n\n<p>Ein gro\u00dfer Traum von Laura. Mit Delfinen im Meer schwimmen..<\/p>\n\n\n\n<p><\/p>\n","protected":false},"excerpt":{"rendered":"<p>So mit 12 Jahren w\u00fcnschte sich Laura unbedingt ein Handy.Wir waren immer dagegen.Papa aus Kostengr\u00fcnden, Mama aus gesundheitlichen\u2026 F\u00fcr Weihnachten 2002 hat sie uns einen zweiseitigen Wunschzettel geschrieben, nur f\u00fcr das Handy! Da konnten wir nicht mehr anders. Gl\u00fccklicherweise habe ich dieen Wunschzettel aufgehoben: Der Handy Traum hat sich erf\u00fcllt, leider konnte Laura ihn nur &hellip; <a href=\"https:\/\/lauraneu.laura-sun.de\/?page_id=320\" class=\"more-link\"><span class=\"screen-reader-text\">Lauras Tr\u00e4ume<\/span> weiterlesen<\/a><\/p>\n","protected":false},"author":1,"featured_media":373,"parent":0,"menu_order":0,"comment_status":"closed","ping_status":"closed","template":"","meta":{"footnotes":""},"class_list":["post-320","page","type-page","status-publish","has-post-thumbnail","hentry"],"_links":{"self":[{"href":"https:\/\/lauraneu.laura-sun.de\/index.php?rest_route=\/wp\/v2\/pages\/320","targetHints":{"allow":["GET"]}}],"collection":[{"href":"https:\/\/lauraneu.laura-sun.de\/index.php?rest_route=\/wp\/v2\/pages"}],"about":[{"href":"https:\/\/lauraneu.laura-sun.de\/index.php?rest_route=\/wp\/v2\/types\/page"}],"author":[{"embeddable":true,"href":"https:\/\/lauraneu.laura-sun.de\/index.php?rest_route=\/wp\/v2\/users\/1"}],"replies":[{"embeddable":true,"href":"https:\/\/lauraneu.laura-sun.de\/index.php?rest_route=%2Fwp%2Fv2%2Fcomments&post=320"}],"version-history":[{"count":1,"href":"https:\/\/lauraneu.laura-sun.de\/index.php?rest_route=\/wp\/v2\/pages\/320\/revisions"}],"predecessor-version":[{"id":326,"href":"https:\/\/lauraneu.laura-sun.de\/index.php?rest_route=\/wp\/v2\/pages\/320\/revisions\/326"}],"wp:featuredmedia":[{"embeddable":true,"href":"https:\/\/lauraneu.laura-sun.de\/index.php?rest_route=\/wp\/v2\/media\/373"}],"wp:attachment":[{"href":"https:\/\/lauraneu.laura-sun.de\/index.php?rest_route=%2Fwp%2Fv2%2Fmedia&parent=320"}],"curies":[{"name":"wp","href":"https:\/\/api.w.org\/{rel}","templated":true}]}}