{"id":347,"date":"2026-03-03T10:38:59","date_gmt":"2026-03-03T10:38:59","guid":{"rendered":"https:\/\/lauraneu.laura-sun.de\/?page_id=347"},"modified":"2026-03-03T10:44:19","modified_gmt":"2026-03-03T10:44:19","slug":"gedichte","status":"publish","type":"page","link":"https:\/\/lauraneu.laura-sun.de\/?page_id=347","title":{"rendered":"Gedichte"},"content":{"rendered":"\n<p><strong>Gedichte und Geschichten die uns ber\u00fchren und aus dem Herzen sprechen<\/strong><\/p>\n\n\n\n<div class=\"wp-block-media-text has-media-on-the-right is-stacked-on-mobile\"><div class=\"wp-block-media-text__content\">\n<p class=\"has-small-font-size\">\u201e\u2026.Adieu\u201c, sagte der Fuchs. \u201eHier ist<br>mein Geheimnis. Es ist ganz einfach:<br>Man sieht nur mit dem Herzen gut.<br>Das Wesentliche ist f\u00fcr die Augen unsichtbar\u201c.<br>Der kleine Prinz<\/p>\n\n\n\n<p class=\"has-small-font-size\">\u201eDas ist wie mit der Blume. Wenn du eine Blume<br>liebst, die auf einem Stern wohnt, so ist es s\u00fc\u00df, bei<br>Nacht den Himmel zu betrachten. Alle Sterne sind<br>voll Blumen.<br>Wenn du bei Nacht den Himmel anschaust, wird es<br>dir sein, als lachten alle Sterne, weil ich auf einem<br>von ihnen wohne, weil ich auf einem von ihnen lache.<br>Du allein wirst Sterne haben, die lachen k\u00f6nnen!\u2026<br>Mein Stern wird f\u00fcr dich einer der Sterne sein. Dann<br>wirst du alle Sterne gerne anschauen\u2026.<br>Alle werden deine Freunde sein.<br>Der kleine Prinz<\/p>\n<\/div><figure class=\"wp-block-media-text__media\"><img loading=\"lazy\" decoding=\"async\" width=\"210\" height=\"320\" src=\"https:\/\/lauraneu.laura-sun.de\/wp-content\/uploads\/2026\/03\/Prinz.jpg\" alt=\"\" class=\"wp-image-348 size-full\" srcset=\"https:\/\/lauraneu.laura-sun.de\/wp-content\/uploads\/2026\/03\/Prinz.jpg 210w, https:\/\/lauraneu.laura-sun.de\/wp-content\/uploads\/2026\/03\/Prinz-197x300.jpg 197w\" sizes=\"auto, (max-width: 210px) 100vw, 210px\" \/><\/figure><\/div>\n\n\n\n<div class=\"wp-block-media-text is-stacked-on-mobile\"><figure class=\"wp-block-media-text__media\"><img loading=\"lazy\" decoding=\"async\" width=\"350\" height=\"636\" src=\"https:\/\/lauraneu.laura-sun.de\/wp-content\/uploads\/2026\/03\/gedichte1.png\" alt=\"\" class=\"wp-image-349 size-full\" srcset=\"https:\/\/lauraneu.laura-sun.de\/wp-content\/uploads\/2026\/03\/gedichte1.png 350w, https:\/\/lauraneu.laura-sun.de\/wp-content\/uploads\/2026\/03\/gedichte1-165x300.png 165w\" sizes=\"auto, (max-width: 350px) 100vw, 350px\" \/><\/figure><div class=\"wp-block-media-text__content\">\n<p class=\"has-small-font-size\"><strong>Deine Wege<\/strong><\/p>\n\n\n\n<p class=\"has-small-font-size\">Jeden Pfad will ich betreten<br>Alle Wege will ich&nbsp; geh\u2019n<br>die zusammen wir gewesen<br>bleib an jeder Ecke steh\u2019n<\/p>\n\n\n\n<p class=\"has-small-font-size\">Will Dir viele Muscheln suchen<br>geh\u2019n entlang am Meeresstrand<br>will h\u00f6ren, wie die M\u00f6wen rufen<br>schreib\u2019 Deinen Namen in den Sand<\/p>\n\n\n\n<p class=\"has-small-font-size\">Lass\u2019 wie Du den Drachen steigen<br>hab\u2019nen Strandkorb mir gesucht<br>lass\u2019 mich von den Wellen treiben<br>glaub\u2019 fast, es w\u00e4r alles gut<\/p>\n\n\n\n<p class=\"has-small-font-size\">H\u00f6r\u2019 der Wellen lautes Rauschen<br>ach, wie weh tut doch der Schmerz<br>m\u00f6cht\u2019 lieber Deinen Worten lauschen<br>hab\u2019 Dich nur in meinem Herz.<\/p>\n\n\n\n<p class=\"has-small-font-size\">(Christa Gitzel)&nbsp;<\/p>\n<\/div><\/div>\n\n\n\n<div class=\"wp-block-media-text has-media-on-the-right is-stacked-on-mobile\" style=\"grid-template-columns:auto 42%\"><div class=\"wp-block-media-text__content\">\n<p><strong>Der Name meines Kindes<\/strong><\/p>\n\n\n\n<p>Die Erw\u00e4hnung des Namens meines Kindes<br>bringt Tr\u00e4nen in meine Augen<br>doch er bringt auch Musik in meine Ohren<br>Wenn du wirklich mein Freund bist<br>Lass mich die Musik ihres Namens h\u00f6ren<br>Er bes\u00e4nftigt mein gebrochenes Herz<br>und singt zu meiner Seele.&nbsp;&nbsp;&nbsp; (unbekannt)<\/p>\n<\/div><figure class=\"wp-block-media-text__media\"><img loading=\"lazy\" decoding=\"async\" width=\"823\" height=\"410\" src=\"https:\/\/lauraneu.laura-sun.de\/wp-content\/uploads\/2026\/03\/laura1.png\" alt=\"\" class=\"wp-image-351 size-full\" srcset=\"https:\/\/lauraneu.laura-sun.de\/wp-content\/uploads\/2026\/03\/laura1.png 823w, https:\/\/lauraneu.laura-sun.de\/wp-content\/uploads\/2026\/03\/laura1-300x149.png 300w, https:\/\/lauraneu.laura-sun.de\/wp-content\/uploads\/2026\/03\/laura1-768x383.png 768w\" sizes=\"auto, (max-width: 823px) 100vw, 823px\" \/><\/figure><\/div>\n\n\n<div class=\"wp-block-image\">\n<figure class=\"aligncenter size-full\"><img loading=\"lazy\" decoding=\"async\" width=\"579\" height=\"80\" src=\"https:\/\/lauraneu.laura-sun.de\/wp-content\/uploads\/2026\/03\/linie7.gif\" alt=\"\" class=\"wp-image-350\"\/><\/figure>\n<\/div>\n\n\n<div class=\"wp-block-media-text is-stacked-on-mobile\"><figure class=\"wp-block-media-text__media\"><\/figure><div class=\"wp-block-media-text__content\">\n<p><strong>F\u00fcr meinen lieben Papa, Rudi<\/strong><\/p>\n\n\n\n<p>Ich gehe in den Garten<br>und&nbsp; Du bist ganz&nbsp; nah<\/p>\n\n\n\n<p>Ich stehe beim Hollunder,<br>ich sehe den Flieder \u2013<br>und Du bist ganz&nbsp; nah.<\/p>\n\n\n\n<p>Ich rieche an der Minze und an den<br>Rosen \u2013 und Du bist ganz nah.<\/p>\n\n\n\n<p>Der Duft macht uns gl\u00fccklich.<br>Ich liege am Boden und streife \u00fcber<br>das nasse Gras.<\/p>\n\n\n\n<p>Ich f\u00fchle, Du bist ganz nah.<\/p>\n\n\n\n<p>Ich gehe in den Garten \u2013<\/p>\n\n\n\n<p>&nbsp;&nbsp;&nbsp;&nbsp;&nbsp;&nbsp;&nbsp;&nbsp;&nbsp;&nbsp;&nbsp;&nbsp;&nbsp;&nbsp;&nbsp;&nbsp;Und Du bist nicht mehr da.<\/p>\n<\/div><\/div>\n\n\n\n<div class=\"wp-block-media-text has-media-on-the-right is-stacked-on-mobile\"><div class=\"wp-block-media-text__content\">\n<p><strong>LAURA<\/strong><\/p>\n\n\n\n<p>Wir waren so gl\u00fccklich.<\/p>\n\n\n\n<p>Wir haben getanzt, gebl\u00f6delt und gelacht.<br>Du hast uns so viel Freude gemacht.<\/p>\n\n\n\n<p>Der Fr\u00fchling kommt gerade wieder.<br>&nbsp;&nbsp;&nbsp;&nbsp;&nbsp; Doch wo bist Du?<br>&nbsp;&nbsp;&nbsp;&nbsp;&nbsp; Ein Jahr ohne Dich.<\/p>\n\n\n\n<p>Voller Schmerz, Tr\u00e4nen und Traurigkeit.<br>Alle Blumen, Farben und Lieder<br>Kommen wieder.<br>Ich w\u00fcnschte nur, ich h\u00e4tt\u2019 Dich wieder.<\/p>\n\n\n\n<p>Von Mama f\u00fcr Laura M\u00e4rz 2004<\/p>\n<\/div><figure class=\"wp-block-media-text__media\"><\/figure><\/div>\n\n\n\n<p><strong>Die goldene Schachtel<\/strong><br><br>Vor einiger Zeit hat ein Mann seine 5 Jahre alte Tochter f\u00fcr das Vergeuden einer Rolle vom kostspieligen Goldverpackungspapier bestraft. Geld war knapp und er wurde w\u00fctend, als das M\u00e4dchen das ganze Goldpapier verbraucht hat, um eine Schachtel zu verzieren, um sie unter den Weihnachtsbaum zu legen.<br><br>Dennoch brachte das kleine M\u00e4dchen am folgenden Morgen die Geschenkschachtel ihrem Vater und sagte:\u201c Das ist f\u00fcr Dich Papa\u201c. Der Vater war verlegen, weil er am Vortag so \u00fcberreagiert hatte. Er \u00f6ffnete die Geschenkschachtel und wurde wieder zornig, als er sah, dass diese leer war. W\u00fctend sagte er zu ihr: \u201e Wei\u00dft Du nicht junge Dame, dass wenn man jemanden ein Geschenk gibt, auch etwas in der Verpackung sein sollte?\u201c<br><br>Das kleine M\u00e4dchen betrachtete ihn mit Tr\u00e4nen in den Augen und sagte:\u201c Papa, sie ist nicht leer. Ich habe so viele Bussis hinein gegeben, dass sie ganz voll war\u201c.<br><br>Der Vater war ganz zerknirscht. Er fiel auf die Knie und legte seine Arme um sein kleines M\u00e4dchen und bat sie, ihm seinen unn\u00f6tigen Zorn zu verzeihen.<br><br>Nur kurze Zeit sp\u00e4ter starb das M\u00e4dchen bei einem Autounfall.<br><br>Nach dem Tod seines kleinen M\u00e4dchens&nbsp; behielt der Vater sein ganzes Leben lang die Goldschachtel neben seinem Bett. Immer wenn er durch schwierige Probleme entmutigt wurde, \u00f6ffnete er seine Goldschachtel und stellte sich vor, einen Kuss von seinem kleinen M\u00e4dchen herauszunehmen und erinnerte sich dabei an die Liebe von ihr, die sie dort hineingegeben hatte.<br><br>Jeder von uns hat so eine goldene Schachtel, die gef\u00fcllt ist mit unbedingter Liebe und K\u00fcssen, von Familien und Freunden. Das ist der kostbarste Besitz&nbsp; den man haben kann!&nbsp;<\/p>\n\n\n\n<figure class=\"wp-block-image size-full\"><img loading=\"lazy\" decoding=\"async\" width=\"579\" height=\"80\" src=\"https:\/\/lauraneu.laura-sun.de\/wp-content\/uploads\/2026\/03\/linie7.gif\" alt=\"\" class=\"wp-image-350\"\/><\/figure>\n\n\n\n<p><strong>Immer da- oder ist der Tod ein Wunder?<\/strong><br><br>Hast du schon mal eine einzige Schneeflocke auf deiner Hand betrachtet? Ganz<br>lange, bis sie geschmolzen war, bis sie verdampft war durch die W\u00e4rme deiner Haut, bis sie ganz weg war?<br><br>Wo war sie hin? Wo ist sie hin? Wo ist sie?<br><br>Sie ist weg, unsichtbar geworden, aber schlie\u00dflich doch noch da, oder nicht??!!<br><br>Hast du schon mal ein knospendes Blatt, noch winzigst klein, genau betrachtet? In aller Ruhe, in aller Stille? Hast du es sp\u00e4ter wieder betrachtet, dir Gedanken gemacht \u00fcber sein Wachstum? Hast du dasselbe Blatt im Herbst bestaunt mit den herrlichen bunten und kr\u00e4ftigen Farben? Hast du es beobachtet, wie es zu Boden gefallen ist, oder ist es nach unten geschwebt? Hat es der Wind sachte vom Baum abgehoben und auf die Erde gelegt?<br><br>WAS ist daraus geworden? Wo ging es hin? Wurde es faul, morsch, dreckig, zerrissen? Oder hat es die Erde, ja die Natur wieder aufgenommen, von da, wo es vor langer Zeit hergekommen ist?<br><br>Siehst du, dieses eine Blatt ging wieder dahin zur\u00fcck, wo es hergekommen ist und es wird wieder ein neues Leben beginnen\u2026<br><br>Hast du dich einmal gefragt, WO ist ein verstorbenes Kind hingegangen? Wo ist es?<br><br>Unsichtbar wie die Schneeflocke in deiner Hand, unsichtbar wieder von der Erde<br>aufgenommen wie das kleine Blatt? Unsichtbar im Dr\u00fcben, in einem anderen \u2013<br>unsichtbaren \u2013 neuen Leben, in einem Leben in&nbsp; der bedingungslosen LIEBE bei<br>Gott? Ich glaube daran und bin froh, dass es diesen Kreislauf des ewigen Lebens gibt\u2026<br><br>Christa Gitzel , aus \u201eBand II\u201c \u201e Wie geht es weiter, ohne Dich?\u201c<\/p>\n\n\n\n<figure class=\"wp-block-image size-full\"><img loading=\"lazy\" decoding=\"async\" width=\"579\" height=\"80\" src=\"https:\/\/lauraneu.laura-sun.de\/wp-content\/uploads\/2026\/03\/linie7.gif\" alt=\"\" class=\"wp-image-350\"\/><\/figure>\n\n\n\n<div class=\"wp-block-media-text has-media-on-the-right is-stacked-on-mobile\"><div class=\"wp-block-media-text__content\">\n<p class=\"has-small-font-size\">Ich werde nach Dir suchen<br>ich werde immer nach Dir suchen<br>in jeder Blume<br>in jedem Regenbogen<br>in jedem Schmetterling<br>in jedem Delfin<br>in jeder Kerze<br>in jeder Musik<\/p>\n\n\n\n<p class=\"has-small-font-size\">werde ich Dich sehen<br>in allem Sch\u00f6nen werde ich Dich finden<\/p>\n\n\n\n<p class=\"has-small-font-size\">Du warst so gut<br>Du warst so sch\u00f6n<br>ich bin so stolz<br>Du bist auf die Reise gegangen<br>Du bist auch schon angekommen<br>flieg weit<br>flieg hoch<br>flieg f\u00fcr mich<\/p>\n\n\n\n<p class=\"has-small-font-size\">jung und stark bist Du<br>ich liebe Dich<\/p>\n\n\n\n<p class=\"has-small-font-size\">ich liebe Dich so sehr. (Mama f\u00fcr Laura)<\/p>\n<\/div><figure class=\"wp-block-media-text__media\"><\/figure><\/div>\n\n\n\n<div class=\"wp-block-media-text is-stacked-on-mobile\"><figure class=\"wp-block-media-text__media\"><\/figure><div class=\"wp-block-media-text__content\">\n<p><strong>Kieselstein<\/strong><\/p>\n\n\n\n<p>Mach\u2019 es wie der Kieselstein:<br>schlie\u00df\u2019 in dir die W\u00e4rme ein,<br>die die Sonne dir geschenkt!<\/p>\n\n\n\n<p>Mach\u2019 es wie der Kieselstein:<br>was du Sch\u00f6nes h\u00f6rst, das heb\u2019 dir auf<br>f\u00fcr den weiteren Lebenslauf.<\/p>\n\n\n\n<p>Mach\u2019 es wie der Kieselstein:<br>lieg\u2019 ganz still und lass\u2019 dich streicheln,<br>von den Wellen sanft umschmeicheln!<\/p>\n\n\n\n<p>Mach\u2019 es wie der Kieselstein:<br>wenn\u2019s kalt ist,<br>hol\u2019 die W\u00e4rme dir hervor!<\/p>\n\n\n\n<p>Wenn du traurig bist,<br>schenk\u2019 der Erinnerung dein Ohr<br>und f\u00fchl\u2019<br>das sanfte Streicheln wieder!<\/p>\n\n\n\n<p>( aus dem Buch von Christa Gitzel, Seite 154)<\/p>\n\n\n\n<p>www.christa-gitzel.de<\/p>\n<\/div><\/div>\n\n\n\n<p><\/p>\n","protected":false},"excerpt":{"rendered":"<p>Gedichte und Geschichten die uns ber\u00fchren und aus dem Herzen sprechen \u201e\u2026.Adieu\u201c, sagte der Fuchs. \u201eHier istmein Geheimnis. Es ist ganz einfach:Man sieht nur mit dem Herzen gut.Das Wesentliche ist f\u00fcr die Augen unsichtbar\u201c.Der kleine Prinz \u201eDas ist wie mit der Blume. Wenn du eine Blumeliebst, die auf einem Stern wohnt, so ist es s\u00fc\u00df, &hellip; <a href=\"https:\/\/lauraneu.laura-sun.de\/?page_id=347\" class=\"more-link\"><span class=\"screen-reader-text\">Gedichte<\/span> weiterlesen<\/a><\/p>\n","protected":false},"author":1,"featured_media":0,"parent":0,"menu_order":0,"comment_status":"closed","ping_status":"closed","template":"","meta":{"footnotes":""},"class_list":["post-347","page","type-page","status-publish","hentry"],"_links":{"self":[{"href":"https:\/\/lauraneu.laura-sun.de\/index.php?rest_route=\/wp\/v2\/pages\/347","targetHints":{"allow":["GET"]}}],"collection":[{"href":"https:\/\/lauraneu.laura-sun.de\/index.php?rest_route=\/wp\/v2\/pages"}],"about":[{"href":"https:\/\/lauraneu.laura-sun.de\/index.php?rest_route=\/wp\/v2\/types\/page"}],"author":[{"embeddable":true,"href":"https:\/\/lauraneu.laura-sun.de\/index.php?rest_route=\/wp\/v2\/users\/1"}],"replies":[{"embeddable":true,"href":"https:\/\/lauraneu.laura-sun.de\/index.php?rest_route=%2Fwp%2Fv2%2Fcomments&post=347"}],"version-history":[{"count":3,"href":"https:\/\/lauraneu.laura-sun.de\/index.php?rest_route=\/wp\/v2\/pages\/347\/revisions"}],"predecessor-version":[{"id":355,"href":"https:\/\/lauraneu.laura-sun.de\/index.php?rest_route=\/wp\/v2\/pages\/347\/revisions\/355"}],"wp:attachment":[{"href":"https:\/\/lauraneu.laura-sun.de\/index.php?rest_route=%2Fwp%2Fv2%2Fmedia&parent=347"}],"curies":[{"name":"wp","href":"https:\/\/api.w.org\/{rel}","templated":true}]}}